{"id":1680,"date":"2025-11-12T22:35:53","date_gmt":"2025-11-12T22:35:53","guid":{"rendered":"https:\/\/ludoblocks.eu\/?post_type=product&#038;p=1680"},"modified":"2026-01-05T16:18:45","modified_gmt":"2026-01-05T14:18:45","slug":"mauser-98k-sniper-rifle","status":"publish","type":"product","link":"https:\/\/ludoblocks.eu\/et\/shop\/mauser-98k-sniper-rifle\/","title":{"rendered":"Mauser 98K Sniper Rifle"},"content":{"rendered":"<h3>Mould King 14002S Kar98k. Funktsionaalne m\u00e4ngukuule tulistav technik militaarrelva ehituskomplekt.<\/h3>\n<p>Detailne 1:1 m\u00f5\u00f5tkavas Kar98k mudel. Koosneb 1117 ehitusklotsist, \u00fchilduv teiste br\u00e4ndide klotsidega. Mitteelektriline, k\u00e4sitsi juhitav mudel on mehhaanilise disainiga identne p\u00e4ris Kar98k-ga. Valmistu m\u00e4ngides laadima, sihtima ja tulistama.<\/p>\n<p>Komplekt sisaldab rihma ja 2 salve. Ideaalne lisand rollim\u00e4ngudeks v\u00f5i lihtsalt pilkup\u00fc\u00fcdvaks osaks kollektsioonist.<\/p>\n<h3>Peamised omadused ja funktsionaalsused<\/h3>\n<ul>\n<li>1117 technik ehitusklotsi<\/li>\n<li>106 cm pikk<\/li>\n<li>Laadi \u00fcksik padrun v\u00f5i terve salv<\/li>\n<li>K\u00e4sitsi laadimine, sihtimine ja tulistamine<\/li>\n<li>Sisaldab rihma<\/li>\n<li>2 salve<\/li>\n<li>Juhis<\/li>\n<li>Pakendis on mustad klotsid, et asendada oran\u017eid detailid ja teha mudel replika sarnaseks.<\/li>\n<\/ul>","protected":false},"excerpt":{"rendered":"[video width=\"1920\" height=\"1080\" mp4=\"http:\/\/ludoblocks.eu\/wp-content\/uploads\/2025\/11\/14001-14005-Guns-EN.mp4\"][\/video]\n<p>Mould King 14002S Kar98k functional military weapon model Technic toy block building set. Construct and assemble over 1100 bricks.<\/p>\n<p>Build it. Play it. Love it.<\/p>\n","protected":false},"featured_media":1906,"template":"","meta":{"_uag_custom_page_level_css":"","site-sidebar-layout":"default","site-content-layout":"","ast-site-content-layout":"default","site-content-style":"default","site-sidebar-style":"default","ast-global-header-display":"","ast-banner-title-visibility":"","ast-main-header-display":"","ast-hfb-above-header-display":"","ast-hfb-below-header-display":"","ast-hfb-mobile-header-display":"","site-post-title":"","ast-breadcrumbs-content":"","ast-featured-img":"","footer-sml-layout":"","ast-disable-related-posts":"","theme-transparent-header-meta":"default","adv-header-id-meta":"","stick-header-meta":"","header-above-stick-meta":"","header-main-stick-meta":"","header-below-stick-meta":"","astra-migrate-meta-layouts":"set","ast-page-background-enabled":"default","ast-page-background-meta":{"desktop":{"background-color":"var(--ast-global-color-4)","background-image":"","background-repeat":"repeat","background-position":"center center","background-size":"auto","background-attachment":"scroll","background-type":"","background-media":"","overlay-type":"","overlay-color":"","overlay-opacity":"","overlay-gradient":""},"tablet":{"background-color":"","background-image":"","background-repeat":"repeat","background-position":"center center","background-size":"auto","background-attachment":"scroll","background-type":"","background-media":"","overlay-type":"","overlay-color":"","overlay-opacity":"","overlay-gradient":""},"mobile":{"background-color":"","background-image":"","background-repeat":"repeat","background-position":"center center","background-size":"auto","background-attachment":"scroll","background-type":"","background-media":"","overlay-type":"","overlay-color":"","overlay-opacity":"","overlay-gradient":""}},"ast-content-background-meta":{"desktop":{"background-color":"var(--ast-global-color-5)","background-image":"","background-repeat":"repeat","background-position":"center center","background-size":"auto","background-attachment":"scroll","background-type":"","background-media":"","overlay-type":"","overlay-color":"","overlay-opacity":"","overlay-gradient":""},"tablet":{"background-color":"var(--ast-global-color-5)","background-image":"","background-repeat":"repeat","background-position":"center center","background-size":"auto","background-attachment":"scroll","background-type":"","background-media":"","overlay-type":"","overlay-color":"","overlay-opacity":"","overlay-gradient":""},"mobile":{"background-color":"var(--ast-global-color-5)","background-image":"","background-repeat":"repeat","background-position":"center center","background-size":"auto","background-attachment":"scroll","background-type":"","background-media":"","overlay-type":"","overlay-color":"","overlay-opacity":"","overlay-gradient":""}}},"product_brand":[],"product_cat":[24],"product_tag":[],"class_list":{"0":"post-1680","1":"product","2":"type-product","3":"status-publish","4":"has-post-thumbnail","6":"product_cat-military","7":"desktop-align-center","8":"tablet-align-center","9":"mobile-align-center","11":"first","12":"instock","13":"shipping-taxable","14":"purchasable","15":"product-type-simple"},"aioseo_notices":[],"uagb_featured_image_src":{"full":["https:\/\/ludoblocks.eu\/wp-content\/uploads\/2025\/11\/14002S-1.png",1438,1000,false],"thumbnail":["https:\/\/ludoblocks.eu\/wp-content\/uploads\/2025\/11\/14002S-1-150x150.png",150,150,true],"medium":["https:\/\/ludoblocks.eu\/wp-content\/uploads\/2025\/11\/14002S-1-300x209.png",300,209,true],"medium_large":["https:\/\/ludoblocks.eu\/wp-content\/uploads\/2025\/11\/14002S-1-768x534.png",768,534,true],"large":["https:\/\/ludoblocks.eu\/wp-content\/uploads\/2025\/11\/14002S-1-1024x712.png",1024,712,true],"1536x1536":["https:\/\/ludoblocks.eu\/wp-content\/uploads\/2025\/11\/14002S-1.png",1438,1000,false],"2048x2048":["https:\/\/ludoblocks.eu\/wp-content\/uploads\/2025\/11\/14002S-1.png",1438,1000,false],"trp-custom-language-flag":["https:\/\/ludoblocks.eu\/wp-content\/uploads\/2025\/11\/14002S-1.png",18,12,false],"woocommerce_thumbnail":["https:\/\/ludoblocks.eu\/wp-content\/uploads\/2025\/11\/14002S-1-300x209.png",300,209,true],"woocommerce_single":["https:\/\/ludoblocks.eu\/wp-content\/uploads\/2025\/11\/14002S-1-400x278.png",400,278,true],"woocommerce_gallery_thumbnail":["https:\/\/ludoblocks.eu\/wp-content\/uploads\/2025\/11\/14002S-1-100x100.png",100,100,true]},"uagb_author_info":{"display_name":"Marek R\u00fc\u00fctli","author_link":"https:\/\/ludoblocks.eu\/et\/author\/"},"uagb_comment_info":0,"uagb_excerpt":"[video width=\"1920\" height=\"1080\" mp4=\"http:\/\/ludoblocks.eu\/wp-content\/uploads\/2025\/11\/14001-14005-Guns-EN.mp4\"][\/video] Mould King 14002S Kar98k functional military weapon model Technic toy block building set. Construct and assemble over 1100 bricks. Build it. Play it. Love it.","_links":{"self":[{"href":"https:\/\/ludoblocks.eu\/et\/wp-json\/wp\/v2\/product\/1680","targetHints":{"allow":["GET"]}}],"collection":[{"href":"https:\/\/ludoblocks.eu\/et\/wp-json\/wp\/v2\/product"}],"about":[{"href":"https:\/\/ludoblocks.eu\/et\/wp-json\/wp\/v2\/types\/product"}],"wp:featuredmedia":[{"embeddable":true,"href":"https:\/\/ludoblocks.eu\/et\/wp-json\/wp\/v2\/media\/1906"}],"wp:attachment":[{"href":"https:\/\/ludoblocks.eu\/et\/wp-json\/wp\/v2\/media?parent=1680"}],"wp:term":[{"taxonomy":"product_brand","embeddable":true,"href":"https:\/\/ludoblocks.eu\/et\/wp-json\/wp\/v2\/product_brand?post=1680"},{"taxonomy":"product_cat","embeddable":true,"href":"https:\/\/ludoblocks.eu\/et\/wp-json\/wp\/v2\/product_cat?post=1680"},{"taxonomy":"product_tag","embeddable":true,"href":"https:\/\/ludoblocks.eu\/et\/wp-json\/wp\/v2\/product_tag?post=1680"}],"curies":[{"name":"wp","href":"https:\/\/api.w.org\/{rel}","templated":true}]}}