{"id":1682,"date":"2025-11-12T22:35:54","date_gmt":"2025-11-12T22:35:54","guid":{"rendered":"https:\/\/ludoblocks.eu\/?post_type=product&#038;p=1682"},"modified":"2026-01-05T16:18:50","modified_gmt":"2026-01-05T14:18:50","slug":"mobile-tower-crane","status":"publish","type":"product","link":"https:\/\/ludoblocks.eu\/et\/shop\/mobile-tower-crane\/","title":{"rendered":"Mobile Tower Crane"},"content":{"rendered":"<h3>Mould King 17059 Crawler Tower Crane. Puldiga kaugjuhitav raskeveoline elektriline technik roomikt\u00f5stuk-kraana ehituskomplekt.<\/h3>\n<p>Tegu on suure ja keerulise mehhaanilise mudeliga.<\/p>\n<p>Mudelit on v\u00f5imalik puldiga s\u00f5idutada ja p\u00f6\u00f6rata. Lisaks saab puldiga k\u00e4ppa langetada ja t\u00f5sta. K\u00e4pa avamine ja sulgumine toimub k\u00e4sitsi.<\/p>\n<p>See mudel pakub mitte ainult v\u00e4ga unikaalset ehituskogemust, vaid ka unikaalset m\u00e4ngukogemust.<\/p>\n<h3>Peamised omadused ja funktsionaalsused<\/h3>\n<ul>\n<li>\u00dcle 65 cm k\u00f5rge<\/li>\n<li>\u00dcle 1700 technik ehitusklotsi<\/li>\n<li>1x MK3.8 Power Module<\/li>\n<li>1x S suuruses mootor<\/li>\n<li>1x pult<\/li>\n<li>Puldiga juhitav roolimine<\/li>\n<li>Puldiga juhitav edasi\/tagasi s\u00f5it<\/li>\n<li>Puldiga juhitav 360\u00b0 tornkraana p\u00f6\u00f6ramine<\/li>\n<li>Puldiga juhitav k\u00e4pa t\u00f5stmine\/langetamine<\/li>\n<li>K\u00e4sitsi\/manuaalne k\u00e4pa avamine\/sulgemine<\/li>\n<li>Ehitusjuhend pakendis kaasas<\/li>\n<\/ul>","protected":false},"excerpt":{"rendered":"[video width=\"1920\" height=\"1080\" mp4=\"http:\/\/ludoblocks.eu\/wp-content\/uploads\/2025\/08\/17059-Tower-Crane-EN.mp4\"][\/video]\n<p>Mould King 17059 Crawler Tower Crane remote controlled heavy duty electrical Technic toy block building set. Construct and assemble over 1700 bricks.<br \/>\nBuild it. Play it. Love it.<\/p>\n","protected":false},"featured_media":1952,"template":"","meta":{"_uag_custom_page_level_css":"","site-sidebar-layout":"default","site-content-layout":"","ast-site-content-layout":"default","site-content-style":"default","site-sidebar-style":"default","ast-global-header-display":"","ast-banner-title-visibility":"","ast-main-header-display":"","ast-hfb-above-header-display":"","ast-hfb-below-header-display":"","ast-hfb-mobile-header-display":"","site-post-title":"","ast-breadcrumbs-content":"","ast-featured-img":"","footer-sml-layout":"","ast-disable-related-posts":"","theme-transparent-header-meta":"default","adv-header-id-meta":"","stick-header-meta":"","header-above-stick-meta":"","header-main-stick-meta":"","header-below-stick-meta":"","astra-migrate-meta-layouts":"set","ast-page-background-enabled":"default","ast-page-background-meta":{"desktop":{"background-color":"var(--ast-global-color-4)","background-image":"","background-repeat":"repeat","background-position":"center center","background-size":"auto","background-attachment":"scroll","background-type":"","background-media":"","overlay-type":"","overlay-color":"","overlay-opacity":"","overlay-gradient":""},"tablet":{"background-color":"","background-image":"","background-repeat":"repeat","background-position":"center center","background-size":"auto","background-attachment":"scroll","background-type":"","background-media":"","overlay-type":"","overlay-color":"","overlay-opacity":"","overlay-gradient":""},"mobile":{"background-color":"","background-image":"","background-repeat":"repeat","background-position":"center center","background-size":"auto","background-attachment":"scroll","background-type":"","background-media":"","overlay-type":"","overlay-color":"","overlay-opacity":"","overlay-gradient":""}},"ast-content-background-meta":{"desktop":{"background-color":"var(--ast-global-color-5)","background-image":"","background-repeat":"repeat","background-position":"center center","background-size":"auto","background-attachment":"scroll","background-type":"","background-media":"","overlay-type":"","overlay-color":"","overlay-opacity":"","overlay-gradient":""},"tablet":{"background-color":"var(--ast-global-color-5)","background-image":"","background-repeat":"repeat","background-position":"center center","background-size":"auto","background-attachment":"scroll","background-type":"","background-media":"","overlay-type":"","overlay-color":"","overlay-opacity":"","overlay-gradient":""},"mobile":{"background-color":"var(--ast-global-color-5)","background-image":"","background-repeat":"repeat","background-position":"center center","background-size":"auto","background-attachment":"scroll","background-type":"","background-media":"","overlay-type":"","overlay-color":"","overlay-opacity":"","overlay-gradient":""}}},"product_brand":[],"product_cat":[27],"product_tag":[],"class_list":{"0":"post-1682","1":"product","2":"type-product","3":"status-publish","4":"has-post-thumbnail","6":"product_cat-heavymachinery","7":"desktop-align-center","8":"tablet-align-center","9":"mobile-align-center","11":"first","12":"instock","13":"featured","14":"shipping-taxable","15":"purchasable","16":"product-type-simple"},"aioseo_notices":[],"uagb_featured_image_src":{"full":["https:\/\/ludoblocks.eu\/wp-content\/uploads\/2025\/11\/17059-8.png",1036,1000,false],"thumbnail":["https:\/\/ludoblocks.eu\/wp-content\/uploads\/2025\/11\/17059-8-150x150.png",150,150,true],"medium":["https:\/\/ludoblocks.eu\/wp-content\/uploads\/2025\/11\/17059-8-300x290.png",300,290,true],"medium_large":["https:\/\/ludoblocks.eu\/wp-content\/uploads\/2025\/11\/17059-8-768x741.png",768,741,true],"large":["https:\/\/ludoblocks.eu\/wp-content\/uploads\/2025\/11\/17059-8-1024x988.png",1024,988,true],"1536x1536":["https:\/\/ludoblocks.eu\/wp-content\/uploads\/2025\/11\/17059-8.png",1036,1000,false],"2048x2048":["https:\/\/ludoblocks.eu\/wp-content\/uploads\/2025\/11\/17059-8.png",1036,1000,false],"trp-custom-language-flag":["https:\/\/ludoblocks.eu\/wp-content\/uploads\/2025\/11\/17059-8.png",12,12,false],"woocommerce_thumbnail":["https:\/\/ludoblocks.eu\/wp-content\/uploads\/2025\/11\/17059-8-300x290.png",300,290,true],"woocommerce_single":["https:\/\/ludoblocks.eu\/wp-content\/uploads\/2025\/11\/17059-8-400x386.png",400,386,true],"woocommerce_gallery_thumbnail":["https:\/\/ludoblocks.eu\/wp-content\/uploads\/2025\/11\/17059-8-100x100.png",100,100,true]},"uagb_author_info":{"display_name":"Marek R\u00fc\u00fctli","author_link":"https:\/\/ludoblocks.eu\/et\/author\/"},"uagb_comment_info":0,"uagb_excerpt":"[video width=\"1920\" height=\"1080\" mp4=\"http:\/\/ludoblocks.eu\/wp-content\/uploads\/2025\/08\/17059-Tower-Crane-EN.mp4\"][\/video] Mould King 17059 Crawler Tower Crane remote controlled heavy duty electrical Technic toy block building set. Construct and assemble over 1700 bricks. Build it. Play it. Love it.","_links":{"self":[{"href":"https:\/\/ludoblocks.eu\/et\/wp-json\/wp\/v2\/product\/1682","targetHints":{"allow":["GET"]}}],"collection":[{"href":"https:\/\/ludoblocks.eu\/et\/wp-json\/wp\/v2\/product"}],"about":[{"href":"https:\/\/ludoblocks.eu\/et\/wp-json\/wp\/v2\/types\/product"}],"wp:featuredmedia":[{"embeddable":true,"href":"https:\/\/ludoblocks.eu\/et\/wp-json\/wp\/v2\/media\/1952"}],"wp:attachment":[{"href":"https:\/\/ludoblocks.eu\/et\/wp-json\/wp\/v2\/media?parent=1682"}],"wp:term":[{"taxonomy":"product_brand","embeddable":true,"href":"https:\/\/ludoblocks.eu\/et\/wp-json\/wp\/v2\/product_brand?post=1682"},{"taxonomy":"product_cat","embeddable":true,"href":"https:\/\/ludoblocks.eu\/et\/wp-json\/wp\/v2\/product_cat?post=1682"},{"taxonomy":"product_tag","embeddable":true,"href":"https:\/\/ludoblocks.eu\/et\/wp-json\/wp\/v2\/product_tag?post=1682"}],"curies":[{"name":"wp","href":"https:\/\/api.w.org\/{rel}","templated":true}]}}