{"id":1684,"date":"2025-11-12T22:35:56","date_gmt":"2025-11-12T22:35:56","guid":{"rendered":"https:\/\/ludoblocks.eu\/?post_type=product&#038;p=1684"},"modified":"2026-03-25T18:06:14","modified_gmt":"2026-03-25T16:06:14","slug":"bulldozer","status":"publish","type":"product","link":"https:\/\/ludoblocks.eu\/et\/shop\/bulldozer\/","title":{"rendered":"Backhoe Loader"},"content":{"rendered":"<h3>Mould King 17036 Backhoe Loader. Puldiga kaugjuhitav technik ekskavaator-laaduri ehituskomplekt.<\/h3>\n<p>Kogupikkuses \u00fcle 75 cm pikk, muutes selle \u00fcheks suurimaks omataoliseks kopplaaduriks.<\/p>\n<p>Sellel on mitmeid puldiga juhitavaid funktsioone, mida juhivad 8 PRO-seeria elektrimootorit, \u00fchendatud kahe eraldi laetava akupakiga.<\/p>\n<p>Kas m\u00e4rkad? Need on suurimad rehvid, mis on kunagi laadurile paigaldatud, iga\u00fcks 10 cm. Nii v\u00f5id olla kindel, et veoj\u00f5u p\u00e4rast muretsema ei pea.<\/p>\n<h3>Peamised omadused ja funktsionaalsused<\/h3>\n<ul>\n<li>\u00dcle 2200 technik ehitusklotsi<\/li>\n<li>75 cm pikk<\/li>\n<li>Puldiga juhitav s\u00f5iduk<\/li>\n<li>Puldiga juhitav roolimine<\/li>\n<li>Puldiga juhitav t\u00f5stek\u00e4si<\/li>\n<li>Puldiga juhitav k\u00fchvel<\/li>\n<li>Puldiga juhitavad stabilisaatorjalad<\/li>\n<li>Avanevad uksed<\/li>\n<li>Detailne kabiin<\/li>\n<li>Massiivsed rehvid<\/li>\n<li>8x PRO-seeria elektrimootorit<\/li>\n<li>2x laetavat akupakki<\/li>\n<li>2x vastuv\u00f5tjat<\/li>\n<li>1x pult<\/li>\n<li>Ehitusjuhend pakendis kaasas<\/li>\n<\/ul>","protected":false},"excerpt":{"rendered":"[video width=\"1920\" height=\"1080\" mp4=\"http:\/\/ludoblocks.eu\/wp-content\/uploads\/2025\/08\/17036-Bulldozer-Remote-L-EN-1.mp4\"][\/video]\n<p>Mould King 17036 Backhoe Loader remote controlled yellow heavy duty electrical model Technic toy block building set. Construct and assemble over 2200 bricks.<br \/>\nBuild it. Play it. Love it.<\/p>\n","protected":false},"featured_media":1944,"template":"","meta":{"_uag_custom_page_level_css":"","site-sidebar-layout":"default","site-content-layout":"","ast-site-content-layout":"default","site-content-style":"default","site-sidebar-style":"default","ast-global-header-display":"","ast-banner-title-visibility":"","ast-main-header-display":"","ast-hfb-above-header-display":"","ast-hfb-below-header-display":"","ast-hfb-mobile-header-display":"","site-post-title":"","ast-breadcrumbs-content":"","ast-featured-img":"","footer-sml-layout":"","ast-disable-related-posts":"","theme-transparent-header-meta":"default","adv-header-id-meta":"","stick-header-meta":"","header-above-stick-meta":"","header-main-stick-meta":"","header-below-stick-meta":"","astra-migrate-meta-layouts":"set","ast-page-background-enabled":"default","ast-page-background-meta":{"desktop":{"background-color":"var(--ast-global-color-4)","background-image":"","background-repeat":"repeat","background-position":"center center","background-size":"auto","background-attachment":"scroll","background-type":"","background-media":"","overlay-type":"","overlay-color":"","overlay-opacity":"","overlay-gradient":""},"tablet":{"background-color":"","background-image":"","background-repeat":"repeat","background-position":"center center","background-size":"auto","background-attachment":"scroll","background-type":"","background-media":"","overlay-type":"","overlay-color":"","overlay-opacity":"","overlay-gradient":""},"mobile":{"background-color":"","background-image":"","background-repeat":"repeat","background-position":"center center","background-size":"auto","background-attachment":"scroll","background-type":"","background-media":"","overlay-type":"","overlay-color":"","overlay-opacity":"","overlay-gradient":""}},"ast-content-background-meta":{"desktop":{"background-color":"var(--ast-global-color-5)","background-image":"","background-repeat":"repeat","background-position":"center center","background-size":"auto","background-attachment":"scroll","background-type":"","background-media":"","overlay-type":"","overlay-color":"","overlay-opacity":"","overlay-gradient":""},"tablet":{"background-color":"var(--ast-global-color-5)","background-image":"","background-repeat":"repeat","background-position":"center center","background-size":"auto","background-attachment":"scroll","background-type":"","background-media":"","overlay-type":"","overlay-color":"","overlay-opacity":"","overlay-gradient":""},"mobile":{"background-color":"var(--ast-global-color-5)","background-image":"","background-repeat":"repeat","background-position":"center center","background-size":"auto","background-attachment":"scroll","background-type":"","background-media":"","overlay-type":"","overlay-color":"","overlay-opacity":"","overlay-gradient":""}}},"product_brand":[],"product_cat":[27],"product_tag":[],"class_list":{"0":"post-1684","1":"product","2":"type-product","3":"status-publish","4":"has-post-thumbnail","6":"product_cat-heavymachinery","7":"desktop-align-center","8":"tablet-align-center","9":"mobile-align-center","11":"first","12":"instock","13":"shipping-taxable","14":"purchasable","15":"product-type-simple"},"aioseo_notices":[],"uagb_featured_image_src":{"full":["https:\/\/ludoblocks.eu\/wp-content\/uploads\/2025\/11\/17036-9.png",1333,1000,false],"thumbnail":["https:\/\/ludoblocks.eu\/wp-content\/uploads\/2025\/11\/17036-9-150x150.png",150,150,true],"medium":["https:\/\/ludoblocks.eu\/wp-content\/uploads\/2025\/11\/17036-9-300x225.png",300,225,true],"medium_large":["https:\/\/ludoblocks.eu\/wp-content\/uploads\/2025\/11\/17036-9-768x576.png",768,576,true],"large":["https:\/\/ludoblocks.eu\/wp-content\/uploads\/2025\/11\/17036-9-1024x768.png",1024,768,true],"1536x1536":["https:\/\/ludoblocks.eu\/wp-content\/uploads\/2025\/11\/17036-9.png",1333,1000,false],"2048x2048":["https:\/\/ludoblocks.eu\/wp-content\/uploads\/2025\/11\/17036-9.png",1333,1000,false],"trp-custom-language-flag":["https:\/\/ludoblocks.eu\/wp-content\/uploads\/2025\/11\/17036-9.png",16,12,false],"woocommerce_thumbnail":["https:\/\/ludoblocks.eu\/wp-content\/uploads\/2025\/11\/17036-9-300x225.png",300,225,true],"woocommerce_single":["https:\/\/ludoblocks.eu\/wp-content\/uploads\/2025\/11\/17036-9-400x300.png",400,300,true],"woocommerce_gallery_thumbnail":["https:\/\/ludoblocks.eu\/wp-content\/uploads\/2025\/11\/17036-9-100x100.png",100,100,true]},"uagb_author_info":{"display_name":"Marek R\u00fc\u00fctli","author_link":"https:\/\/ludoblocks.eu\/et\/author\/"},"uagb_comment_info":0,"uagb_excerpt":"[video width=\"1920\" height=\"1080\" mp4=\"http:\/\/ludoblocks.eu\/wp-content\/uploads\/2025\/08\/17036-Bulldozer-Remote-L-EN-1.mp4\"][\/video] Mould King 17036 Backhoe Loader remote controlled yellow heavy duty electrical model Technic toy block building set. Construct and assemble over 2200 bricks. Build it. Play it. Love it.","_links":{"self":[{"href":"https:\/\/ludoblocks.eu\/et\/wp-json\/wp\/v2\/product\/1684","targetHints":{"allow":["GET"]}}],"collection":[{"href":"https:\/\/ludoblocks.eu\/et\/wp-json\/wp\/v2\/product"}],"about":[{"href":"https:\/\/ludoblocks.eu\/et\/wp-json\/wp\/v2\/types\/product"}],"wp:featuredmedia":[{"embeddable":true,"href":"https:\/\/ludoblocks.eu\/et\/wp-json\/wp\/v2\/media\/1944"}],"wp:attachment":[{"href":"https:\/\/ludoblocks.eu\/et\/wp-json\/wp\/v2\/media?parent=1684"}],"wp:term":[{"taxonomy":"product_brand","embeddable":true,"href":"https:\/\/ludoblocks.eu\/et\/wp-json\/wp\/v2\/product_brand?post=1684"},{"taxonomy":"product_cat","embeddable":true,"href":"https:\/\/ludoblocks.eu\/et\/wp-json\/wp\/v2\/product_cat?post=1684"},{"taxonomy":"product_tag","embeddable":true,"href":"https:\/\/ludoblocks.eu\/et\/wp-json\/wp\/v2\/product_tag?post=1684"}],"curies":[{"name":"wp","href":"https:\/\/api.w.org\/{rel}","templated":true}]}}