{"id":1685,"date":"2025-11-12T22:35:57","date_gmt":"2025-11-12T22:35:57","guid":{"rendered":"https:\/\/ludoblocks.eu\/?post_type=product&#038;p=1685"},"modified":"2026-03-25T18:03:55","modified_gmt":"2026-03-25T16:03:55","slug":"ltm-1110-yellow","status":"publish","type":"product","link":"https:\/\/ludoblocks.eu\/et\/shop\/ltm-1110-yellow\/","title":{"rendered":"LTM 1110 Yellow"},"content":{"rendered":"<h3>Mould King LTM1110 Yellow Mobile Crane. Puldiga kaugjuhitav technik kollane kraanaauto ehituskomplekt.<\/h3>\n<p>Tutvustame Mould King LTM1110 mobiilkraana ehituskomplekti: inseneriime miniformaadis, saadaval erkkollases ja klassikalises punases v\u00e4rvitoonis. See detailne ehituskomplekt koosneb 3218 t\u00fckist, sealhulgas \u00fcks XL-mootor, neli L-mootorit, kolm M-mootorit, kaks MK 4.0 k\u00f5rgsagedusmoduulit ja 2,4G puldiga juhtimine, tagades t\u00e4ielikult interaktiivse ehitus- ja kasutuskogemuse.<\/p>\n<p>See mobiilkraana mudel pakub ulatuslikku puldiga juhitavate funktsioonide valikut. Operaatorid saavad kraana autoga s\u00f5ita ja keerata, kasutada 10-rattalist roolimist keerukate man\u00f6\u00f6vrite jaoks ning p\u00f6\u00f6rata p\u00f5histruktuuri 360 kraadi, tagades t\u00e4ieliku liikumise. Kraana t\u00f5steseade on v\u00e4ga d\u00fcnaamiline, v\u00f5imaldades t\u00f5sta, langetada ja pikendada kolme sektsiooniga t\u00f5steseadet, luues realistlikke ehitusplatside stsenaariume.<\/p>\n<p>Kraanal on ka laialiulatuvad stabilisaatorjalad, mis t\u00f5usevad ja langevad, tagades t\u00f6\u00f6 ajal stabiilsuse. Metallist raskusmoodul lisab massi, samas kui metallist kraanakonks on konstrueeritud ohutuks ja turvaliseks t\u00f5stmiseks.<\/p>\n<p>Iga komplekt sisaldab detailset ehitusjuhendit, muutes kokkupanemise p\u00f5nevaks v\u00e4ljakutseks ehitajatele, kes soovivad sukelduda arenenud ehitusseadmete maailma. Olgu see eksponeerimiseks v\u00f5i m\u00e4ngimiseks, see kraana on t\u00f5eline mehaanilise leiutisoskuse ja disaini imeline n\u00e4ide.<\/p>\n<h4>Peamised omadused ja funktsionaalsused<\/h4>\n<ul>\n<li>3218 technik ehitusklotsi<\/li>\n<li>Kraana t\u00f5stevarre k\u00f5rgus: 80 cm<\/li>\n<li>3x keskmise p\u00f6\u00f6rdemomendiga elektrimootorit<\/li>\n<li>1x XL k\u00f5rge p\u00f6\u00f6rdemomendiga elektrimootor<\/li>\n<li>4x L k\u00f5rge p\u00f6\u00f6rdemomendiga elektrimootorit<\/li>\n<li>2x MK4 laetavat akupakki<\/li>\n<li>Puldiga juhitav s\u00f5iduk<\/li>\n<li>Puldiga juhitav roolimine<\/li>\n<li>10-rattaline roolimine<\/li>\n<li>360\u00b0 p\u00f6\u00f6rlev superstruktuur<\/li>\n<li>Konksu t\u00f5stmine\/langetamine<\/li>\n<li>T\u00f5stevarre t\u00f5stmine\/langetamine<\/li>\n<li>3-sektsioonilise t\u00f5stevarre pikendamine<\/li>\n<li>V\u00e4ljaulatuvate stabilisaatorjalgade seadistus<\/li>\n<li>Stabilisaatorjalgade t\u00f5stmine\/langetamine<\/li>\n<li>Metallist raskusmoodul<\/li>\n<li>Metallist kraanakonks<\/li>\n<li>Ehitusjuhend pakendis kaasas<\/li>\n<\/ul>","protected":false},"excerpt":{"rendered":"[video width=\"1080\" height=\"1080\" mp4=\"http:\/\/ludoblocks.eu\/wp-content\/uploads\/2025\/11\/LTM1110-.mp4\"][\/video]\n<p>Mould King LTM1110 remote-controlled electrical heavy duty yellow mobile crane Technic toy block building set. Construct and assemble over 3200 bricks.<br \/>\nBuild it. Play it. Love it.<\/p>\n","protected":false},"featured_media":1876,"template":"","meta":{"_uag_custom_page_level_css":"","site-sidebar-layout":"default","site-content-layout":"","ast-site-content-layout":"default","site-content-style":"default","site-sidebar-style":"default","ast-global-header-display":"","ast-banner-title-visibility":"","ast-main-header-display":"","ast-hfb-above-header-display":"","ast-hfb-below-header-display":"","ast-hfb-mobile-header-display":"","site-post-title":"","ast-breadcrumbs-content":"","ast-featured-img":"","footer-sml-layout":"","ast-disable-related-posts":"","theme-transparent-header-meta":"default","adv-header-id-meta":"","stick-header-meta":"","header-above-stick-meta":"","header-main-stick-meta":"","header-below-stick-meta":"","astra-migrate-meta-layouts":"set","ast-page-background-enabled":"default","ast-page-background-meta":{"desktop":{"background-color":"var(--ast-global-color-4)","background-image":"","background-repeat":"repeat","background-position":"center center","background-size":"auto","background-attachment":"scroll","background-type":"","background-media":"","overlay-type":"","overlay-color":"","overlay-opacity":"","overlay-gradient":""},"tablet":{"background-color":"","background-image":"","background-repeat":"repeat","background-position":"center center","background-size":"auto","background-attachment":"scroll","background-type":"","background-media":"","overlay-type":"","overlay-color":"","overlay-opacity":"","overlay-gradient":""},"mobile":{"background-color":"","background-image":"","background-repeat":"repeat","background-position":"center center","background-size":"auto","background-attachment":"scroll","background-type":"","background-media":"","overlay-type":"","overlay-color":"","overlay-opacity":"","overlay-gradient":""}},"ast-content-background-meta":{"desktop":{"background-color":"var(--ast-global-color-5)","background-image":"","background-repeat":"repeat","background-position":"center center","background-size":"auto","background-attachment":"scroll","background-type":"","background-media":"","overlay-type":"","overlay-color":"","overlay-opacity":"","overlay-gradient":""},"tablet":{"background-color":"var(--ast-global-color-5)","background-image":"","background-repeat":"repeat","background-position":"center center","background-size":"auto","background-attachment":"scroll","background-type":"","background-media":"","overlay-type":"","overlay-color":"","overlay-opacity":"","overlay-gradient":""},"mobile":{"background-color":"var(--ast-global-color-5)","background-image":"","background-repeat":"repeat","background-position":"center center","background-size":"auto","background-attachment":"scroll","background-type":"","background-media":"","overlay-type":"","overlay-color":"","overlay-opacity":"","overlay-gradient":""}}},"product_brand":[],"product_cat":[27],"product_tag":[],"class_list":{"0":"post-1685","1":"product","2":"type-product","3":"status-publish","4":"has-post-thumbnail","6":"product_cat-heavymachinery","7":"desktop-align-center","8":"tablet-align-center","9":"mobile-align-center","11":"first","12":"instock","13":"shipping-taxable","14":"purchasable","15":"product-type-simple"},"aioseo_notices":[],"uagb_featured_image_src":{"full":["https:\/\/ludoblocks.eu\/wp-content\/uploads\/2025\/11\/10173-2-1.png",1333,1000,false],"thumbnail":["https:\/\/ludoblocks.eu\/wp-content\/uploads\/2025\/11\/10173-2-1-150x150.png",150,150,true],"medium":["https:\/\/ludoblocks.eu\/wp-content\/uploads\/2025\/11\/10173-2-1-300x225.png",300,225,true],"medium_large":["https:\/\/ludoblocks.eu\/wp-content\/uploads\/2025\/11\/10173-2-1-768x576.png",768,576,true],"large":["https:\/\/ludoblocks.eu\/wp-content\/uploads\/2025\/11\/10173-2-1-1024x768.png",1024,768,true],"1536x1536":["https:\/\/ludoblocks.eu\/wp-content\/uploads\/2025\/11\/10173-2-1.png",1333,1000,false],"2048x2048":["https:\/\/ludoblocks.eu\/wp-content\/uploads\/2025\/11\/10173-2-1.png",1333,1000,false],"trp-custom-language-flag":["https:\/\/ludoblocks.eu\/wp-content\/uploads\/2025\/11\/10173-2-1.png",16,12,false],"woocommerce_thumbnail":["https:\/\/ludoblocks.eu\/wp-content\/uploads\/2025\/11\/10173-2-1-300x225.png",300,225,true],"woocommerce_single":["https:\/\/ludoblocks.eu\/wp-content\/uploads\/2025\/11\/10173-2-1-400x300.png",400,300,true],"woocommerce_gallery_thumbnail":["https:\/\/ludoblocks.eu\/wp-content\/uploads\/2025\/11\/10173-2-1-100x100.png",100,100,true]},"uagb_author_info":{"display_name":"Marek R\u00fc\u00fctli","author_link":"https:\/\/ludoblocks.eu\/et\/author\/"},"uagb_comment_info":0,"uagb_excerpt":"[video width=\"1080\" height=\"1080\" mp4=\"http:\/\/ludoblocks.eu\/wp-content\/uploads\/2025\/11\/LTM1110-.mp4\"][\/video] Mould King LTM1110 remote-controlled electrical heavy duty yellow mobile crane Technic toy block building set. Construct and assemble over 3200 bricks. Build it. Play it. Love it.","_links":{"self":[{"href":"https:\/\/ludoblocks.eu\/et\/wp-json\/wp\/v2\/product\/1685","targetHints":{"allow":["GET"]}}],"collection":[{"href":"https:\/\/ludoblocks.eu\/et\/wp-json\/wp\/v2\/product"}],"about":[{"href":"https:\/\/ludoblocks.eu\/et\/wp-json\/wp\/v2\/types\/product"}],"wp:featuredmedia":[{"embeddable":true,"href":"https:\/\/ludoblocks.eu\/et\/wp-json\/wp\/v2\/media\/1876"}],"wp:attachment":[{"href":"https:\/\/ludoblocks.eu\/et\/wp-json\/wp\/v2\/media?parent=1685"}],"wp:term":[{"taxonomy":"product_brand","embeddable":true,"href":"https:\/\/ludoblocks.eu\/et\/wp-json\/wp\/v2\/product_brand?post=1685"},{"taxonomy":"product_cat","embeddable":true,"href":"https:\/\/ludoblocks.eu\/et\/wp-json\/wp\/v2\/product_cat?post=1685"},{"taxonomy":"product_tag","embeddable":true,"href":"https:\/\/ludoblocks.eu\/et\/wp-json\/wp\/v2\/product_tag?post=1685"}],"curies":[{"name":"wp","href":"https:\/\/api.w.org\/{rel}","templated":true}]}}