{"id":1686,"date":"2025-11-12T22:35:58","date_gmt":"2025-11-12T22:35:58","guid":{"rendered":"https:\/\/ludoblocks.eu\/?post_type=product&#038;p=1686"},"modified":"2026-01-05T16:19:04","modified_gmt":"2026-01-05T14:19:04","slug":"mechanical-digger-yellow","status":"publish","type":"product","link":"https:\/\/ludoblocks.eu\/et\/shop\/mechanical-digger-yellow\/","title":{"rendered":"Mechanical Digger Yellow"},"content":{"rendered":"<h3>Mould King 15061 Remote Controlled Heavy Duty Yellow Excavator. Puldiga kaugjuhitav technik ekskavaatori ehituskomplekt.<\/h3>\n<p>Tegemist on ekskavaatoriga, mis sisaldab k\u00f5iki funktsioone, mida v\u00f5iksite oodata p\u00e4ris kaevurilt. See on varustatud k\u00f5igega, mida t\u00f5eline ekskavaator pakub, sealhulgas mitme t\u00f6\u00f6re\u017eiimiga nagu kabiini p\u00f6\u00f6ramine, laaduri k\u00e4e t\u00f5stmine ja langetamine, s\u00f5itmine ja 360\u00b0 p\u00f6\u00f6ramine. Ideaalne noortele ehitajatele, kellel on kirg ehitusmasinate vastu.<\/p>\n<h3>Peamised omadused ja funktsionaalsused<\/h3>\n<ul>\n<li>\u00dcle 45cm pikk<\/li>\n<li>\u00dcle 1500 technik ehitusklotsi<\/li>\n<li>Puldiga juhitav<\/li>\n<li>Puldiga juhitav esi-, taga- ja p\u00f6\u00f6rdv\u00f5ime<\/li>\n<li>Puldiga juhitav 360\u00b0 p\u00f6\u00f6ramine<\/li>\n<li>Puldiga juhitav k\u00fchvel<\/li>\n<li>1x MK 3.8 Power Module<\/li>\n<li>1x S mootor<\/li>\n<li>1x pult<\/li>\n<li>Ehitusjuhend pakendis kaasas<\/li>\n<\/ul>","protected":false},"excerpt":{"rendered":"[video width=\"1920\" height=\"1080\" mp4=\"http:\/\/ludoblocks.eu\/wp-content\/uploads\/2025\/08\/15061.62-Mechanical-Excavators-EN.mp4\"][\/video]\n<p>Mould King 15061 remote controlled heavy duty yellow electrical excavator model Technic toy building set. Construct and assemble over 1500 bricks.<br \/>\nBuild it. Play it. Love it.<\/p>\n","protected":false},"featured_media":1970,"template":"","meta":{"_uag_custom_page_level_css":"","site-sidebar-layout":"default","site-content-layout":"","ast-site-content-layout":"default","site-content-style":"default","site-sidebar-style":"default","ast-global-header-display":"","ast-banner-title-visibility":"","ast-main-header-display":"","ast-hfb-above-header-display":"","ast-hfb-below-header-display":"","ast-hfb-mobile-header-display":"","site-post-title":"","ast-breadcrumbs-content":"","ast-featured-img":"","footer-sml-layout":"","ast-disable-related-posts":"","theme-transparent-header-meta":"default","adv-header-id-meta":"","stick-header-meta":"","header-above-stick-meta":"","header-main-stick-meta":"","header-below-stick-meta":"","astra-migrate-meta-layouts":"set","ast-page-background-enabled":"default","ast-page-background-meta":{"desktop":{"background-color":"var(--ast-global-color-4)","background-image":"","background-repeat":"repeat","background-position":"center center","background-size":"auto","background-attachment":"scroll","background-type":"","background-media":"","overlay-type":"","overlay-color":"","overlay-opacity":"","overlay-gradient":""},"tablet":{"background-color":"","background-image":"","background-repeat":"repeat","background-position":"center center","background-size":"auto","background-attachment":"scroll","background-type":"","background-media":"","overlay-type":"","overlay-color":"","overlay-opacity":"","overlay-gradient":""},"mobile":{"background-color":"","background-image":"","background-repeat":"repeat","background-position":"center center","background-size":"auto","background-attachment":"scroll","background-type":"","background-media":"","overlay-type":"","overlay-color":"","overlay-opacity":"","overlay-gradient":""}},"ast-content-background-meta":{"desktop":{"background-color":"var(--ast-global-color-5)","background-image":"","background-repeat":"repeat","background-position":"center center","background-size":"auto","background-attachment":"scroll","background-type":"","background-media":"","overlay-type":"","overlay-color":"","overlay-opacity":"","overlay-gradient":""},"tablet":{"background-color":"var(--ast-global-color-5)","background-image":"","background-repeat":"repeat","background-position":"center center","background-size":"auto","background-attachment":"scroll","background-type":"","background-media":"","overlay-type":"","overlay-color":"","overlay-opacity":"","overlay-gradient":""},"mobile":{"background-color":"var(--ast-global-color-5)","background-image":"","background-repeat":"repeat","background-position":"center center","background-size":"auto","background-attachment":"scroll","background-type":"","background-media":"","overlay-type":"","overlay-color":"","overlay-opacity":"","overlay-gradient":""}}},"product_brand":[],"product_cat":[27],"product_tag":[],"class_list":{"0":"post-1686","1":"product","2":"type-product","3":"status-publish","4":"has-post-thumbnail","6":"product_cat-heavymachinery","7":"desktop-align-center","8":"tablet-align-center","9":"mobile-align-center","11":"first","12":"instock","13":"featured","14":"shipping-taxable","15":"purchasable","16":"product-type-simple"},"aioseo_notices":[],"uagb_featured_image_src":{"full":["https:\/\/ludoblocks.eu\/wp-content\/uploads\/2025\/11\/15061-1.png",1418,1000,false],"thumbnail":["https:\/\/ludoblocks.eu\/wp-content\/uploads\/2025\/11\/15061-1-150x150.png",150,150,true],"medium":["https:\/\/ludoblocks.eu\/wp-content\/uploads\/2025\/11\/15061-1-300x212.png",300,212,true],"medium_large":["https:\/\/ludoblocks.eu\/wp-content\/uploads\/2025\/11\/15061-1-768x542.png",768,542,true],"large":["https:\/\/ludoblocks.eu\/wp-content\/uploads\/2025\/11\/15061-1-1024x722.png",1024,722,true],"1536x1536":["https:\/\/ludoblocks.eu\/wp-content\/uploads\/2025\/11\/15061-1.png",1418,1000,false],"2048x2048":["https:\/\/ludoblocks.eu\/wp-content\/uploads\/2025\/11\/15061-1.png",1418,1000,false],"trp-custom-language-flag":["https:\/\/ludoblocks.eu\/wp-content\/uploads\/2025\/11\/15061-1.png",18,12,false],"woocommerce_thumbnail":["https:\/\/ludoblocks.eu\/wp-content\/uploads\/2025\/11\/15061-1-300x212.png",300,212,true],"woocommerce_single":["https:\/\/ludoblocks.eu\/wp-content\/uploads\/2025\/11\/15061-1-400x282.png",400,282,true],"woocommerce_gallery_thumbnail":["https:\/\/ludoblocks.eu\/wp-content\/uploads\/2025\/11\/15061-1-100x100.png",100,100,true]},"uagb_author_info":{"display_name":"Marek R\u00fc\u00fctli","author_link":"https:\/\/ludoblocks.eu\/et\/author\/"},"uagb_comment_info":0,"uagb_excerpt":"[video width=\"1920\" height=\"1080\" mp4=\"http:\/\/ludoblocks.eu\/wp-content\/uploads\/2025\/08\/15061.62-Mechanical-Excavators-EN.mp4\"][\/video] Mould King 15061 remote controlled heavy duty yellow electrical excavator model Technic toy building set. Construct and assemble over 1500 bricks. Build it. Play it. Love it.","_links":{"self":[{"href":"https:\/\/ludoblocks.eu\/et\/wp-json\/wp\/v2\/product\/1686","targetHints":{"allow":["GET"]}}],"collection":[{"href":"https:\/\/ludoblocks.eu\/et\/wp-json\/wp\/v2\/product"}],"about":[{"href":"https:\/\/ludoblocks.eu\/et\/wp-json\/wp\/v2\/types\/product"}],"wp:featuredmedia":[{"embeddable":true,"href":"https:\/\/ludoblocks.eu\/et\/wp-json\/wp\/v2\/media\/1970"}],"wp:attachment":[{"href":"https:\/\/ludoblocks.eu\/et\/wp-json\/wp\/v2\/media?parent=1686"}],"wp:term":[{"taxonomy":"product_brand","embeddable":true,"href":"https:\/\/ludoblocks.eu\/et\/wp-json\/wp\/v2\/product_brand?post=1686"},{"taxonomy":"product_cat","embeddable":true,"href":"https:\/\/ludoblocks.eu\/et\/wp-json\/wp\/v2\/product_cat?post=1686"},{"taxonomy":"product_tag","embeddable":true,"href":"https:\/\/ludoblocks.eu\/et\/wp-json\/wp\/v2\/product_tag?post=1686"}],"curies":[{"name":"wp","href":"https:\/\/api.w.org\/{rel}","templated":true}]}}