{"id":2203,"date":"2025-11-28T00:03:41","date_gmt":"2025-11-27T22:03:41","guid":{"rendered":"https:\/\/ludoblocks.eu\/shop\/heavy-duty-forklift-remote-controlled-2\/"},"modified":"2026-03-26T16:49:13","modified_gmt":"2026-03-26T14:49:13","slug":"heavy-duty-forklift-remote-controlled-2","status":"publish","type":"product","link":"https:\/\/ludoblocks.eu\/et\/shop\/heavy-duty-forklift-remote-controlled-2\/","title":{"rendered":"Heavy-Duty Forklift Remote Controlled"},"content":{"rendered":"<h3>Mould King 17045 Heavy-Duty Forklift. Puldiga kaugjuhitav technik kahvelt\u00f5stuki ehituskomplekt.<\/h3>\n<p>Koost\u00f6\u00f6s disainer Kevin Mooga esitleb Mould King lipulaeva 1:6 m\u00f5\u00f5tkavas raskeveokite kahvelt\u00f5stukit, mis koosneb 4579 m\u00e4nguklotsist. See mehaaniline ime pakub juhtimist MK+ Hall-andurimootorite s\u00fcsteemiga, v\u00f5imaldades erakordselt sujuvat kaugjuhtimist.<\/p>\n<p>Uus MK CONTROL+ j\u00f5us\u00fcsteem, t\u00e4ielikult integreeritud HALL mootoreitega, v\u00f5imaldab t\u00e4pseid liigutusi, konkreetsete mootori liikumisulatuste seadistamist ja reaalajas mooduli v\u00e4rskendusi. Iseseisev rakenduse liides tagab t\u00e4ieliku kontrolli, muutes mudeli s\u00f5rmeotstes elavaks.<\/p>\n<p>Kahvelt\u00f5stuki muljetavaldav v\u00e4limus on koosk\u00f5las funktsionaalsusega, sealhulgas elektriliselt juhitav kaheastmeline t\u00f5stmine, mastikonstruktsioon, mis kaldub ette ja taha, ning modulaarne kiire vabastuse s\u00fcsteem taga- ja k\u00fclgpaneelidel sisemiste mehhanismide uurimiseks. T\u00e4iendavad funktsioonid h\u00f5lmavad reguleeritavat kahvli laiust, mootori kapoti avamist simuleeritud mootoriga, liikuvat klaasipuhastit ja avatavaid uksi, mis paljastavad detailse kabiini p\u00f6\u00f6rlevate istmete ja juhtpaneeliga.<\/p>\n<h4>T\u00e4psed kaugjuhitavad funktsioonid<\/h4>\n<ul>\n<li>S\u00f5it ja roolimine<\/li>\n<li>Kaheastmeline kahvelt\u00f5stuki t\u00f5stmine ja langetamine<\/li>\n<li>Kahvli hammaste reguleerimine<\/li>\n<li>Mastikonstruktsiooni kalde juhtimine ette ja taha<\/li>\n<li>Klaasipuhasti liikumine<\/li>\n<\/ul>\n<h4>Peamised omadused ja funktsionaalsused<\/h4>\n<ul>\n<li>1:6 m\u00f5\u00f5tkavas mudel, 4579 technik m\u00e4nguklotsi<\/li>\n<li>Elektriliselt juhitav kaheastmeline kahvelt\u00f5stuki t\u00f5stmine<\/li>\n<li>Mastikonstruktsioon kalde funktsiooniga<\/li>\n<li>Modulaarne kiire vabastuse s\u00fcsteem taga- ja k\u00fclgpaneelidel<\/li>\n<li>Detailne simuleeritud mootor ja funktsionaalsed komponendid<\/li>\n<li>P\u00f6\u00f6rlevad istmed ja juhtpaneel<\/li>\n<li>Reguleeritav kahvli laius erinevate koormate jaoks<\/li>\n<li>MK+ Hall-andurimootorite s\u00fcsteem sujuvaks kaugjuhtimiseks<\/li>\n<li>Erksad oran\u017eid ja mustad v\u00e4rvid, k\u00f5rge t\u00e4helepanu detailidele<\/li>\n<li>1 \u00d7 HALL XL mootor<\/li>\n<li>4 \u00d7 HALL HL mootorit<\/li>\n<li>1 \u00d7 MKH6.0 laetav akupakk1 \u00d7 MKH6.0 laetav akupakk<\/li>\n<li>Uus juhtimisliides mobiilirakenduses<\/li>\n<li>Ehitusjuhend pakendis kaasas<\/li>\n<\/ul>","protected":false},"excerpt":{"rendered":"[video width=\"1080\" height=\"1080\" mp4=\"http:\/\/ludoblocks.eu\/wp-content\/uploads\/2025\/11\/17044_17045_heavy_duty_forklift.mp4\"][\/video]\n<p>Mould King 17045 Heavy-Duty Forklift Remote Controlled Electrical Model Technic Toy Building Set. Construct and assemble over 4500 bricks.<br \/>\nBuild it. Play it. Love it.<\/p>\n","protected":false},"featured_media":2781,"template":"","meta":{"_uag_custom_page_level_css":"","site-sidebar-layout":"default","site-content-layout":"","ast-site-content-layout":"default","site-content-style":"default","site-sidebar-style":"default","ast-global-header-display":"","ast-banner-title-visibility":"","ast-main-header-display":"","ast-hfb-above-header-display":"","ast-hfb-below-header-display":"","ast-hfb-mobile-header-display":"","site-post-title":"","ast-breadcrumbs-content":"","ast-featured-img":"","footer-sml-layout":"","ast-disable-related-posts":"","theme-transparent-header-meta":"default","adv-header-id-meta":"","stick-header-meta":"","header-above-stick-meta":"","header-main-stick-meta":"","header-below-stick-meta":"","astra-migrate-meta-layouts":"set","ast-page-background-enabled":"default","ast-page-background-meta":{"desktop":{"background-color":"var(--ast-global-color-4)","background-image":"","background-repeat":"repeat","background-position":"center center","background-size":"auto","background-attachment":"scroll","background-type":"","background-media":"","overlay-type":"","overlay-color":"","overlay-opacity":"","overlay-gradient":""},"tablet":{"background-color":"","background-image":"","background-repeat":"repeat","background-position":"center center","background-size":"auto","background-attachment":"scroll","background-type":"","background-media":"","overlay-type":"","overlay-color":"","overlay-opacity":"","overlay-gradient":""},"mobile":{"background-color":"","background-image":"","background-repeat":"repeat","background-position":"center center","background-size":"auto","background-attachment":"scroll","background-type":"","background-media":"","overlay-type":"","overlay-color":"","overlay-opacity":"","overlay-gradient":""}},"ast-content-background-meta":{"desktop":{"background-color":"var(--ast-global-color-5)","background-image":"","background-repeat":"repeat","background-position":"center center","background-size":"auto","background-attachment":"scroll","background-type":"","background-media":"","overlay-type":"","overlay-color":"","overlay-opacity":"","overlay-gradient":""},"tablet":{"background-color":"var(--ast-global-color-5)","background-image":"","background-repeat":"repeat","background-position":"center center","background-size":"auto","background-attachment":"scroll","background-type":"","background-media":"","overlay-type":"","overlay-color":"","overlay-opacity":"","overlay-gradient":""},"mobile":{"background-color":"var(--ast-global-color-5)","background-image":"","background-repeat":"repeat","background-position":"center center","background-size":"auto","background-attachment":"scroll","background-type":"","background-media":"","overlay-type":"","overlay-color":"","overlay-opacity":"","overlay-gradient":""}}},"product_brand":[],"product_cat":[27],"product_tag":[],"class_list":{"0":"post-2203","1":"product","2":"type-product","3":"status-publish","4":"has-post-thumbnail","6":"product_cat-heavymachinery","7":"desktop-align-center","8":"tablet-align-center","9":"mobile-align-center","11":"first","12":"instock","13":"shipping-taxable","14":"purchasable","15":"product-type-simple"},"aioseo_notices":[],"uagb_featured_image_src":{"full":["https:\/\/ludoblocks.eu\/wp-content\/uploads\/2025\/11\/17045-14.png",1147,1000,false],"thumbnail":["https:\/\/ludoblocks.eu\/wp-content\/uploads\/2025\/11\/17045-14-150x150.png",150,150,true],"medium":["https:\/\/ludoblocks.eu\/wp-content\/uploads\/2025\/11\/17045-14-300x262.png",300,262,true],"medium_large":["https:\/\/ludoblocks.eu\/wp-content\/uploads\/2025\/11\/17045-14-768x670.png",768,670,true],"large":["https:\/\/ludoblocks.eu\/wp-content\/uploads\/2025\/11\/17045-14-1024x893.png",1024,893,true],"1536x1536":["https:\/\/ludoblocks.eu\/wp-content\/uploads\/2025\/11\/17045-14.png",1147,1000,false],"2048x2048":["https:\/\/ludoblocks.eu\/wp-content\/uploads\/2025\/11\/17045-14.png",1147,1000,false],"trp-custom-language-flag":["https:\/\/ludoblocks.eu\/wp-content\/uploads\/2025\/11\/17045-14-14x12.png",14,12,true],"woocommerce_thumbnail":["https:\/\/ludoblocks.eu\/wp-content\/uploads\/2025\/11\/17045-14-300x262.png",300,262,true],"woocommerce_single":["https:\/\/ludoblocks.eu\/wp-content\/uploads\/2025\/11\/17045-14-400x349.png",400,349,true],"woocommerce_gallery_thumbnail":["https:\/\/ludoblocks.eu\/wp-content\/uploads\/2025\/11\/17045-14-100x100.png",100,100,true]},"uagb_author_info":{"display_name":"jstefan","author_link":"https:\/\/ludoblocks.eu\/et\/author\/"},"uagb_comment_info":0,"uagb_excerpt":"[video width=\"1080\" height=\"1080\" mp4=\"http:\/\/ludoblocks.eu\/wp-content\/uploads\/2025\/11\/17044_17045_heavy_duty_forklift.mp4\"][\/video] Mould King 17045 Heavy-Duty Forklift Remote Controlled Electrical Model Technic Toy Building Set. Construct and assemble over 4500 bricks. Build it. Play it. Love it.","_links":{"self":[{"href":"https:\/\/ludoblocks.eu\/et\/wp-json\/wp\/v2\/product\/2203","targetHints":{"allow":["GET"]}}],"collection":[{"href":"https:\/\/ludoblocks.eu\/et\/wp-json\/wp\/v2\/product"}],"about":[{"href":"https:\/\/ludoblocks.eu\/et\/wp-json\/wp\/v2\/types\/product"}],"wp:featuredmedia":[{"embeddable":true,"href":"https:\/\/ludoblocks.eu\/et\/wp-json\/wp\/v2\/media\/2781"}],"wp:attachment":[{"href":"https:\/\/ludoblocks.eu\/et\/wp-json\/wp\/v2\/media?parent=2203"}],"wp:term":[{"taxonomy":"product_brand","embeddable":true,"href":"https:\/\/ludoblocks.eu\/et\/wp-json\/wp\/v2\/product_brand?post=2203"},{"taxonomy":"product_cat","embeddable":true,"href":"https:\/\/ludoblocks.eu\/et\/wp-json\/wp\/v2\/product_cat?post=2203"},{"taxonomy":"product_tag","embeddable":true,"href":"https:\/\/ludoblocks.eu\/et\/wp-json\/wp\/v2\/product_tag?post=2203"}],"curies":[{"name":"wp","href":"https:\/\/api.w.org\/{rel}","templated":true}]}}