{"id":2209,"date":"2025-11-28T00:03:41","date_gmt":"2025-11-27T22:03:41","guid":{"rendered":"https:\/\/ludoblocks.eu\/shop\/diesel-locomotive-usa-emd-f7-wp\/"},"modified":"2026-03-26T16:39:23","modified_gmt":"2026-03-26T14:39:23","slug":"diesel-locomotive-usa-emd-f7-wp","status":"publish","type":"product","link":"https:\/\/ludoblocks.eu\/et\/shop\/diesel-locomotive-usa-emd-f7-wp\/","title":{"rendered":"Diesel locomotive USA EMD F7 WP"},"content":{"rendered":"<h3>Mould King 12018 USA EMD F7 WP Diesel Locomotive. Puldiga kaugjuhitav technik rongi ehituskomplekt.<\/h3>\n<p>Inspireeritud klassikalisest 1949. aasta General Motorsi EMD F7-st, tegu on Mould King 12018 70 cm pikkuse mudeliga, mis koosneb 1541 m\u00e4nguklotsist kaasahaarava ehituskogemuse loomiseks.<\/p>\n<p>Mould King EMD F7 valgustab teed LED-tuledega ja sisaldab t\u00f5etruud kabiini, reisijavaguneid ja s\u00f6\u00f6givaguneid. Modulaarne disain eemaldatava katusega v\u00f5imaldab h\u00f5lpsat ligip\u00e4\u00e4su detailsele interj\u00f6\u00f6rile.<\/p>\n<p>Komplekt sisaldab MK+ Power Module\u2019i ja r\u00f6\u00f6paid kaugjuhtimisega liikumiseks, pakkudes lihtsat s\u00f5itu ja t\u00e4pset juhtimist toredaks m\u00e4nguks.<\/p>\n<h4>Peamised omadused ja funktsionaalsused<\/h4>\n<ul>\n<li>Pool meetrit pikk<\/li>\n<li>Puldiga juhitav<\/li>\n<li>\u00dcle 1500 technik m\u00e4nguklotsi<\/li>\n<li>\u00dcle 3 m r\u00f6\u00f6paid<\/li>\n<li>Detailne interj\u00f6\u00f6r<\/li>\n<li>Modulaarne disain<\/li>\n<li>Eemaldatavad paneelid<\/li>\n<li>Ehitusjuhend pakendis kaasas<\/li>\n<\/ul>","protected":false},"excerpt":{"rendered":"[video width=\"1080\" height=\"1080\" mp4=\"http:\/\/ludoblocks.eu\/wp-content\/uploads\/2025\/11\/12018-USA-EMD-F7-WP-Diesel-Locomotive.mp4\"][\/video]\n<p>Mould King 12018 USA EMD F7 WP Diesel Locomotive Remote Controlled Electrical Model Technic Toy Building Set. Construct and assemble over 1500 bricks.<br \/>\nBuild it. Play it. Love it.<\/p>\n","protected":false},"featured_media":2428,"template":"","meta":{"_uag_custom_page_level_css":"","site-sidebar-layout":"default","site-content-layout":"","ast-site-content-layout":"default","site-content-style":"default","site-sidebar-style":"default","ast-global-header-display":"","ast-banner-title-visibility":"","ast-main-header-display":"","ast-hfb-above-header-display":"","ast-hfb-below-header-display":"","ast-hfb-mobile-header-display":"","site-post-title":"","ast-breadcrumbs-content":"","ast-featured-img":"","footer-sml-layout":"","ast-disable-related-posts":"","theme-transparent-header-meta":"default","adv-header-id-meta":"","stick-header-meta":"","header-above-stick-meta":"","header-main-stick-meta":"","header-below-stick-meta":"","astra-migrate-meta-layouts":"set","ast-page-background-enabled":"default","ast-page-background-meta":{"desktop":{"background-color":"var(--ast-global-color-4)","background-image":"","background-repeat":"repeat","background-position":"center center","background-size":"auto","background-attachment":"scroll","background-type":"","background-media":"","overlay-type":"","overlay-color":"","overlay-opacity":"","overlay-gradient":""},"tablet":{"background-color":"","background-image":"","background-repeat":"repeat","background-position":"center center","background-size":"auto","background-attachment":"scroll","background-type":"","background-media":"","overlay-type":"","overlay-color":"","overlay-opacity":"","overlay-gradient":""},"mobile":{"background-color":"","background-image":"","background-repeat":"repeat","background-position":"center center","background-size":"auto","background-attachment":"scroll","background-type":"","background-media":"","overlay-type":"","overlay-color":"","overlay-opacity":"","overlay-gradient":""}},"ast-content-background-meta":{"desktop":{"background-color":"var(--ast-global-color-5)","background-image":"","background-repeat":"repeat","background-position":"center center","background-size":"auto","background-attachment":"scroll","background-type":"","background-media":"","overlay-type":"","overlay-color":"","overlay-opacity":"","overlay-gradient":""},"tablet":{"background-color":"var(--ast-global-color-5)","background-image":"","background-repeat":"repeat","background-position":"center center","background-size":"auto","background-attachment":"scroll","background-type":"","background-media":"","overlay-type":"","overlay-color":"","overlay-opacity":"","overlay-gradient":""},"mobile":{"background-color":"var(--ast-global-color-5)","background-image":"","background-repeat":"repeat","background-position":"center center","background-size":"auto","background-attachment":"scroll","background-type":"","background-media":"","overlay-type":"","overlay-color":"","overlay-opacity":"","overlay-gradient":""}}},"product_brand":[],"product_cat":[44],"product_tag":[],"class_list":{"0":"post-2209","1":"product","2":"type-product","3":"status-publish","4":"has-post-thumbnail","6":"product_cat-trains_and_railways","7":"desktop-align-center","8":"tablet-align-center","9":"mobile-align-center","11":"first","12":"instock","13":"shipping-taxable","14":"purchasable","15":"product-type-simple"},"aioseo_notices":[],"uagb_featured_image_src":{"full":["https:\/\/www.ludoblocks.eu\/wp-content\/uploads\/2025\/11\/12018S-1.png",1333,1000,false],"thumbnail":["https:\/\/www.ludoblocks.eu\/wp-content\/uploads\/2025\/11\/12018S-1-150x150.png",150,150,true],"medium":["https:\/\/www.ludoblocks.eu\/wp-content\/uploads\/2025\/11\/12018S-1-300x225.png",300,225,true],"medium_large":["https:\/\/www.ludoblocks.eu\/wp-content\/uploads\/2025\/11\/12018S-1-768x576.png",768,576,true],"large":["https:\/\/www.ludoblocks.eu\/wp-content\/uploads\/2025\/11\/12018S-1-1024x768.png",1024,768,true],"1536x1536":["https:\/\/www.ludoblocks.eu\/wp-content\/uploads\/2025\/11\/12018S-1.png",1333,1000,false],"2048x2048":["https:\/\/www.ludoblocks.eu\/wp-content\/uploads\/2025\/11\/12018S-1.png",1333,1000,false],"trp-custom-language-flag":["https:\/\/www.ludoblocks.eu\/wp-content\/uploads\/2025\/11\/12018S-1-16x12.png",16,12,true],"woocommerce_thumbnail":["https:\/\/www.ludoblocks.eu\/wp-content\/uploads\/2025\/11\/12018S-1-300x225.png",300,225,true],"woocommerce_single":["https:\/\/www.ludoblocks.eu\/wp-content\/uploads\/2025\/11\/12018S-1-400x300.png",400,300,true],"woocommerce_gallery_thumbnail":["https:\/\/www.ludoblocks.eu\/wp-content\/uploads\/2025\/11\/12018S-1-100x100.png",100,100,true]},"uagb_author_info":{"display_name":"jstefan","author_link":"https:\/\/ludoblocks.eu\/et\/author\/"},"uagb_comment_info":0,"uagb_excerpt":"[video width=\"1080\" height=\"1080\" mp4=\"http:\/\/ludoblocks.eu\/wp-content\/uploads\/2025\/11\/12018-USA-EMD-F7-WP-Diesel-Locomotive.mp4\"][\/video] Mould King 12018 USA EMD F7 WP Diesel Locomotive Remote Controlled Electrical Model Technic Toy Building Set. Construct and assemble over 1500 bricks. Build it. Play it. Love it.","_links":{"self":[{"href":"https:\/\/ludoblocks.eu\/et\/wp-json\/wp\/v2\/product\/2209","targetHints":{"allow":["GET"]}}],"collection":[{"href":"https:\/\/ludoblocks.eu\/et\/wp-json\/wp\/v2\/product"}],"about":[{"href":"https:\/\/ludoblocks.eu\/et\/wp-json\/wp\/v2\/types\/product"}],"wp:featuredmedia":[{"embeddable":true,"href":"https:\/\/ludoblocks.eu\/et\/wp-json\/wp\/v2\/media\/2428"}],"wp:attachment":[{"href":"https:\/\/ludoblocks.eu\/et\/wp-json\/wp\/v2\/media?parent=2209"}],"wp:term":[{"taxonomy":"product_brand","embeddable":true,"href":"https:\/\/ludoblocks.eu\/et\/wp-json\/wp\/v2\/product_brand?post=2209"},{"taxonomy":"product_cat","embeddable":true,"href":"https:\/\/ludoblocks.eu\/et\/wp-json\/wp\/v2\/product_cat?post=2209"},{"taxonomy":"product_tag","embeddable":true,"href":"https:\/\/ludoblocks.eu\/et\/wp-json\/wp\/v2\/product_tag?post=2209"}],"curies":[{"name":"wp","href":"https:\/\/api.w.org\/{rel}","templated":true}]}}