{"id":2215,"date":"2025-11-28T00:03:42","date_gmt":"2025-11-27T22:03:42","guid":{"rendered":"https:\/\/ludoblocks.eu\/shop\/motorized-v12-engine-italian-supercar\/"},"modified":"2026-03-26T16:37:41","modified_gmt":"2026-03-26T14:37:41","slug":"motorized-v12-engine-italian-supercar","status":"publish","type":"product","link":"https:\/\/ludoblocks.eu\/et\/shop\/motorized-v12-engine-italian-supercar\/","title":{"rendered":"Motorized Italian V12 Engine"},"content":{"rendered":"<h3>Mould King 10169 Italian Supercar V12 Engine. Elektrilise technik mootori ehituskomplekt.<\/h3>\n<p>Lisa oma kollektsiooni legendaarne Itaalia superauto V12 mootor ja tutvu \u00fche Itaalia autot\u00f6\u00f6stuse suurima j\u00f5uallikaga.<\/p>\n<p>See atmosf\u00e4\u00e4riline V12 sisaldab kahte kuue silindriga rida V-konfiguratsioonis, ja selle ikoonilised punased silindripead muudavad disaini v\u00f5imalikult autentseks.<\/p>\n<p>Mudel taasloob \u00fcksikasjalikult gaasiplaadid ja keeruka k\u00fctuse sissepritses\u00fcsteemi nagu t\u00f5elistes k\u00f5rge j\u00f5udlusega V12 mootorites. Eraldi klapid ja keerukas juhtmepesa muudavad mudeli v\u00f5imalikult realistlikuks, kajastades legendaarsete superautode t\u00e4pset mehhaanikat.<\/p>\n<p>Suur sisselaske kollektor ja v\u00e4ljalaskekollektorid taastavad klassikalise atmosf\u00e4\u00e4rilise V12 disaini, tabades t\u00e4iuslikult k\u00f5rgelt p\u00f6\u00f6rleva Itaalia mootori iseloomu.<\/p>\n<p>V\u00f5imas elektrimootor v\u00f5imaldab realistlikku mootori j\u00f5udluse taastamist, pakkudes v\u00f5imalust n\u00e4ha legendaarset j\u00f5uallikat tegevuses.<\/p>\n<h4>Peamised omadused ja funktsionaalsused<\/h4>\n<ul>\n<li>Pikkus 69 cm<\/li>\n<li>\u00dcle 3400 technik ehitusklotsi<\/li>\n<li>12 liikuvat kolvi<\/li>\n<li>Atmosf\u00e4\u00e4riline mootor<\/li>\n<li>4-k\u00e4iguline k\u00e4igukast<\/li>\n<li>Kroomitud elemendid<\/li>\n<li>Silindripea<\/li>\n<li>Gaasijaotuse mehhanism<\/li>\n<li>V\u00e4ljalaskekollektor<\/li>\n<li>V\u00e4ntv\u00f5ll<\/li>\n<li>V\u00e4ntv\u00f5lli rihmaratas<\/li>\n<li>Nukkv\u00f5ll<\/li>\n<li>Nukkv\u00f5lli rihmaratas<\/li>\n<li>Ajarihmad<\/li>\n<li>Radiaatori ventilaator<\/li>\n<li>P\u00f6\u00f6ramine m\u00f5lemas suunas (p\u00e4rip\u00e4eva ja vastup\u00e4eva)<\/li>\n<li>1x akupakk<\/li>\n<li>1x suur elektrimootor<\/li>\n<li>Detailine ja t\u00e4pne<\/li>\n<li>Ehitusjuhend pakendis kaasas<\/li>\n<\/ul>","protected":false},"excerpt":{"rendered":"[video width=\"1080\" height=\"1080\" mp4=\"http:\/\/ludoblocks.eu\/wp-content\/uploads\/2025\/11\/10169-V12-Italian-Supercar-Engine.mp4\"][\/video]\n<p>Mould King 10169 Italian Supercar V12 Engine Electrical Model Technic Toy Building Set. Construct and assemble over 3400 bricks.<br \/>\nBuild it. Play it. Love it.<\/p>\n","protected":false},"featured_media":2309,"template":"","meta":{"_uag_custom_page_level_css":"","site-sidebar-layout":"default","site-content-layout":"","ast-site-content-layout":"default","site-content-style":"default","site-sidebar-style":"default","ast-global-header-display":"","ast-banner-title-visibility":"","ast-main-header-display":"","ast-hfb-above-header-display":"","ast-hfb-below-header-display":"","ast-hfb-mobile-header-display":"","site-post-title":"","ast-breadcrumbs-content":"","ast-featured-img":"","footer-sml-layout":"","ast-disable-related-posts":"","theme-transparent-header-meta":"default","adv-header-id-meta":"","stick-header-meta":"","header-above-stick-meta":"","header-main-stick-meta":"","header-below-stick-meta":"","astra-migrate-meta-layouts":"set","ast-page-background-enabled":"default","ast-page-background-meta":{"desktop":{"background-color":"var(--ast-global-color-4)","background-image":"","background-repeat":"repeat","background-position":"center center","background-size":"auto","background-attachment":"scroll","background-type":"","background-media":"","overlay-type":"","overlay-color":"","overlay-opacity":"","overlay-gradient":""},"tablet":{"background-color":"","background-image":"","background-repeat":"repeat","background-position":"center center","background-size":"auto","background-attachment":"scroll","background-type":"","background-media":"","overlay-type":"","overlay-color":"","overlay-opacity":"","overlay-gradient":""},"mobile":{"background-color":"","background-image":"","background-repeat":"repeat","background-position":"center center","background-size":"auto","background-attachment":"scroll","background-type":"","background-media":"","overlay-type":"","overlay-color":"","overlay-opacity":"","overlay-gradient":""}},"ast-content-background-meta":{"desktop":{"background-color":"var(--ast-global-color-5)","background-image":"","background-repeat":"repeat","background-position":"center center","background-size":"auto","background-attachment":"scroll","background-type":"","background-media":"","overlay-type":"","overlay-color":"","overlay-opacity":"","overlay-gradient":""},"tablet":{"background-color":"var(--ast-global-color-5)","background-image":"","background-repeat":"repeat","background-position":"center center","background-size":"auto","background-attachment":"scroll","background-type":"","background-media":"","overlay-type":"","overlay-color":"","overlay-opacity":"","overlay-gradient":""},"mobile":{"background-color":"var(--ast-global-color-5)","background-image":"","background-repeat":"repeat","background-position":"center center","background-size":"auto","background-attachment":"scroll","background-type":"","background-media":"","overlay-type":"","overlay-color":"","overlay-opacity":"","overlay-gradient":""}}},"product_brand":[],"product_cat":[25],"product_tag":[],"class_list":{"0":"post-2215","1":"product","2":"type-product","3":"status-publish","4":"has-post-thumbnail","6":"product_cat-engines","7":"desktop-align-center","8":"tablet-align-center","9":"mobile-align-center","11":"first","12":"instock","13":"shipping-taxable","14":"purchasable","15":"product-type-simple"},"aioseo_notices":[],"uagb_featured_image_src":{"full":["https:\/\/ludoblocks.eu\/wp-content\/uploads\/2025\/11\/10169-2.png",1499,1000,false],"thumbnail":["https:\/\/ludoblocks.eu\/wp-content\/uploads\/2025\/11\/10169-2-150x150.png",150,150,true],"medium":["https:\/\/ludoblocks.eu\/wp-content\/uploads\/2025\/11\/10169-2-300x200.png",300,200,true],"medium_large":["https:\/\/ludoblocks.eu\/wp-content\/uploads\/2025\/11\/10169-2-768x512.png",768,512,true],"large":["https:\/\/ludoblocks.eu\/wp-content\/uploads\/2025\/11\/10169-2-1024x683.png",1024,683,true],"1536x1536":["https:\/\/ludoblocks.eu\/wp-content\/uploads\/2025\/11\/10169-2.png",1499,1000,false],"2048x2048":["https:\/\/ludoblocks.eu\/wp-content\/uploads\/2025\/11\/10169-2.png",1499,1000,false],"trp-custom-language-flag":["https:\/\/ludoblocks.eu\/wp-content\/uploads\/2025\/11\/10169-2-18x12.png",18,12,true],"woocommerce_thumbnail":["https:\/\/ludoblocks.eu\/wp-content\/uploads\/2025\/11\/10169-2-300x200.png",300,200,true],"woocommerce_single":["https:\/\/ludoblocks.eu\/wp-content\/uploads\/2025\/11\/10169-2-400x267.png",400,267,true],"woocommerce_gallery_thumbnail":["https:\/\/ludoblocks.eu\/wp-content\/uploads\/2025\/11\/10169-2-100x100.png",100,100,true]},"uagb_author_info":{"display_name":"jstefan","author_link":"https:\/\/ludoblocks.eu\/et\/author\/"},"uagb_comment_info":0,"uagb_excerpt":"[video width=\"1080\" height=\"1080\" mp4=\"http:\/\/ludoblocks.eu\/wp-content\/uploads\/2025\/11\/10169-V12-Italian-Supercar-Engine.mp4\"][\/video] Mould King 10169 Italian Supercar V12 Engine Electrical Model Technic Toy Building Set. Construct and assemble over 3400 bricks. Build it. Play it. Love it.","_links":{"self":[{"href":"https:\/\/ludoblocks.eu\/et\/wp-json\/wp\/v2\/product\/2215","targetHints":{"allow":["GET"]}}],"collection":[{"href":"https:\/\/ludoblocks.eu\/et\/wp-json\/wp\/v2\/product"}],"about":[{"href":"https:\/\/ludoblocks.eu\/et\/wp-json\/wp\/v2\/types\/product"}],"wp:featuredmedia":[{"embeddable":true,"href":"https:\/\/ludoblocks.eu\/et\/wp-json\/wp\/v2\/media\/2309"}],"wp:attachment":[{"href":"https:\/\/ludoblocks.eu\/et\/wp-json\/wp\/v2\/media?parent=2215"}],"wp:term":[{"taxonomy":"product_brand","embeddable":true,"href":"https:\/\/ludoblocks.eu\/et\/wp-json\/wp\/v2\/product_brand?post=2215"},{"taxonomy":"product_cat","embeddable":true,"href":"https:\/\/ludoblocks.eu\/et\/wp-json\/wp\/v2\/product_cat?post=2215"},{"taxonomy":"product_tag","embeddable":true,"href":"https:\/\/ludoblocks.eu\/et\/wp-json\/wp\/v2\/product_tag?post=2215"}],"curies":[{"name":"wp","href":"https:\/\/api.w.org\/{rel}","templated":true}]}}