{"id":2222,"date":"2025-11-28T00:03:43","date_gmt":"2025-11-27T22:03:43","guid":{"rendered":"https:\/\/ludoblocks.eu\/shop\/remote-controlled-claw-machine\/"},"modified":"2026-03-26T16:35:30","modified_gmt":"2026-03-26T14:35:30","slug":"remote-controlled-claw-machine","status":"publish","type":"product","link":"https:\/\/ludoblocks.eu\/et\/shop\/remote-controlled-claw-machine\/","title":{"rendered":"Remote-Controlled Claw Machine"},"content":{"rendered":"<h3>Mould King 10189 Remote-Controlled Claw Machine. Puldiga kaugjuhitava technik k\u00fc\u00fcnismasina ehituskomplekt.<\/h3>\n<p>Ehit\u200ba endale t\u00f6\u00f6tav haaramismasin Mould King 10189 ehituskomplektiga! Komplektis on 2922 kvaliteetset m\u00e4nguklotsi, mis loovad ehtsa m\u00e4ngusaali haaramismasina kogemuse otse sinu koju.<\/p>\n<p>Valmis mudel on 43 cm lai ja 48 cm k\u00f5rge, pakkudes t\u00e4issuuruses automaadikabiini v\u00e4limust v\u00e4rviliste paneelide, armsate m\u00e4nguasjateemaliste illustratsioonide ja l\u00e4bipaistvate k\u00fclgedega, mis n\u00e4itavad su oskusi auhindu p\u00fc\u00fcda.<\/p>\n<p>4 v\u00f5imsa L-t\u00fc\u00fcpi mootoriga saab haarats liikuda edasi, tagasi, vasakule ja paremale. Kui asukoht on paigas, laskub haarats, v\u00f5tab kapsellelu ja t\u00f5stab selle \u00fcles \u2014 t\u00e4pselt nagu p\u00e4ris m\u00e4ngusaali haaramismasin.<\/p>\n<p>Komplektis olev kaugjuhtimispult tagab mugava ja sujuva juhtimise. Liiguta haarats sihtm\u00e4rgi kohale ja vajuta nuppu, et alustada haaramist \u2014 p\u00f5nevus on garanteeritud!<\/p>\n<p>Kabiini sees on mitmed kapselpallid v\u00e4ikeste m\u00e4nguasjadega. V\u00e4ljakutse s\u00f5pradele v\u00f5i katseta oma oskusi \u00fcksim\u00e4ngus: mitu suudad kinni p\u00fc\u00fcda?<\/p>\n<p>Alates kommi\u00adpunasest raamistikust kuni nostalgilise \u201eLucky Crane Game\u201c sildini \u2014 iga detail toob esile klassikalise m\u00e4ngusaali r\u00f5\u00f5msa meeleolu.<\/p>\n<h4>Peamised omadused ja funktsionaalsused<\/h4>\n<ul>\n<li>\u00dcle 2922 technik m\u00e4nguklotsi<\/li>\n<li>43cm (P) \u00d7 43cm (L) \u00d7 48cm (K)<\/li>\n<li>Funktsionaalne haaramismasin<\/li>\n<li>Liikumine: edasi, tagasi, vasakule, paremale<\/li>\n<li>Liikumine \u00fcles ja alla<\/li>\n<li>4 \u00d7 L elektrimootorit<\/li>\n<li>1 \u00d7 MK4.0 j\u00f5umoodul<\/li>\n<li>Mitu kapselpalli m\u00e4ngimiseks<\/li>\n<li>\u201eLucky Crane Game\u201c teemaline disain<\/li>\n<li>Ehitusjuhend pakendis kaasas<\/li>\n<\/ul>","protected":false},"excerpt":{"rendered":"[video width=\"1080\" height=\"1080\" mp4=\"http:\/\/ludoblocks.eu\/wp-content\/uploads\/2025\/11\/10189-toy-claw-machine.mp4\"][\/video]\n<p>Mould King 10189 Remote-Controlled Claw Machine Electrical Model Technic Toy Building Set. Construct and assemble over 2900 bricks.<br \/>\nBuild it. Play it. Love it.<\/p>\n","protected":false},"featured_media":2295,"template":"","meta":{"_uag_custom_page_level_css":"","site-sidebar-layout":"default","site-content-layout":"","ast-site-content-layout":"default","site-content-style":"default","site-sidebar-style":"default","ast-global-header-display":"","ast-banner-title-visibility":"","ast-main-header-display":"","ast-hfb-above-header-display":"","ast-hfb-below-header-display":"","ast-hfb-mobile-header-display":"","site-post-title":"","ast-breadcrumbs-content":"","ast-featured-img":"","footer-sml-layout":"","ast-disable-related-posts":"","theme-transparent-header-meta":"default","adv-header-id-meta":"","stick-header-meta":"","header-above-stick-meta":"","header-main-stick-meta":"","header-below-stick-meta":"","astra-migrate-meta-layouts":"set","ast-page-background-enabled":"default","ast-page-background-meta":{"desktop":{"background-color":"var(--ast-global-color-4)","background-image":"","background-repeat":"repeat","background-position":"center center","background-size":"auto","background-attachment":"scroll","background-type":"","background-media":"","overlay-type":"","overlay-color":"","overlay-opacity":"","overlay-gradient":""},"tablet":{"background-color":"","background-image":"","background-repeat":"repeat","background-position":"center center","background-size":"auto","background-attachment":"scroll","background-type":"","background-media":"","overlay-type":"","overlay-color":"","overlay-opacity":"","overlay-gradient":""},"mobile":{"background-color":"","background-image":"","background-repeat":"repeat","background-position":"center center","background-size":"auto","background-attachment":"scroll","background-type":"","background-media":"","overlay-type":"","overlay-color":"","overlay-opacity":"","overlay-gradient":""}},"ast-content-background-meta":{"desktop":{"background-color":"var(--ast-global-color-5)","background-image":"","background-repeat":"repeat","background-position":"center center","background-size":"auto","background-attachment":"scroll","background-type":"","background-media":"","overlay-type":"","overlay-color":"","overlay-opacity":"","overlay-gradient":""},"tablet":{"background-color":"var(--ast-global-color-5)","background-image":"","background-repeat":"repeat","background-position":"center center","background-size":"auto","background-attachment":"scroll","background-type":"","background-media":"","overlay-type":"","overlay-color":"","overlay-opacity":"","overlay-gradient":""},"mobile":{"background-color":"var(--ast-global-color-5)","background-image":"","background-repeat":"repeat","background-position":"center center","background-size":"auto","background-attachment":"scroll","background-type":"","background-media":"","overlay-type":"","overlay-color":"","overlay-opacity":"","overlay-gradient":""}}},"product_brand":[],"product_cat":[45],"product_tag":[],"class_list":{"0":"post-2222","1":"product","2":"type-product","3":"status-publish","4":"has-post-thumbnail","6":"product_cat-miscellaneous","7":"desktop-align-center","8":"tablet-align-center","9":"mobile-align-center","11":"first","12":"instock","13":"shipping-taxable","14":"purchasable","15":"product-type-simple"},"aioseo_notices":[],"uagb_featured_image_src":{"full":["https:\/\/ludoblocks.eu\/wp-content\/uploads\/2025\/11\/10189-9.png",1000,1333,false],"thumbnail":["https:\/\/ludoblocks.eu\/wp-content\/uploads\/2025\/11\/10189-9-150x150.png",150,150,true],"medium":["https:\/\/ludoblocks.eu\/wp-content\/uploads\/2025\/11\/10189-9-225x300.png",225,300,true],"medium_large":["https:\/\/ludoblocks.eu\/wp-content\/uploads\/2025\/11\/10189-9-768x1024.png",768,1024,true],"large":["https:\/\/ludoblocks.eu\/wp-content\/uploads\/2025\/11\/10189-9-768x1024.png",768,1024,true],"1536x1536":["https:\/\/ludoblocks.eu\/wp-content\/uploads\/2025\/11\/10189-9.png",1000,1333,false],"2048x2048":["https:\/\/ludoblocks.eu\/wp-content\/uploads\/2025\/11\/10189-9.png",1000,1333,false],"trp-custom-language-flag":["https:\/\/ludoblocks.eu\/wp-content\/uploads\/2025\/11\/10189-9-9x12.png",9,12,true],"woocommerce_thumbnail":["https:\/\/ludoblocks.eu\/wp-content\/uploads\/2025\/11\/10189-9-300x400.png",300,400,true],"woocommerce_single":["https:\/\/ludoblocks.eu\/wp-content\/uploads\/2025\/11\/10189-9-400x533.png",400,533,true],"woocommerce_gallery_thumbnail":["https:\/\/ludoblocks.eu\/wp-content\/uploads\/2025\/11\/10189-9-100x100.png",100,100,true]},"uagb_author_info":{"display_name":"jstefan","author_link":"https:\/\/ludoblocks.eu\/et\/author\/"},"uagb_comment_info":0,"uagb_excerpt":"[video width=\"1080\" height=\"1080\" mp4=\"http:\/\/ludoblocks.eu\/wp-content\/uploads\/2025\/11\/10189-toy-claw-machine.mp4\"][\/video] Mould King 10189 Remote-Controlled Claw Machine Electrical Model Technic Toy Building Set. Construct and assemble over 2900 bricks. Build it. Play it. Love it.","_links":{"self":[{"href":"https:\/\/ludoblocks.eu\/et\/wp-json\/wp\/v2\/product\/2222","targetHints":{"allow":["GET"]}}],"collection":[{"href":"https:\/\/ludoblocks.eu\/et\/wp-json\/wp\/v2\/product"}],"about":[{"href":"https:\/\/ludoblocks.eu\/et\/wp-json\/wp\/v2\/types\/product"}],"wp:featuredmedia":[{"embeddable":true,"href":"https:\/\/ludoblocks.eu\/et\/wp-json\/wp\/v2\/media\/2295"}],"wp:attachment":[{"href":"https:\/\/ludoblocks.eu\/et\/wp-json\/wp\/v2\/media?parent=2222"}],"wp:term":[{"taxonomy":"product_brand","embeddable":true,"href":"https:\/\/ludoblocks.eu\/et\/wp-json\/wp\/v2\/product_brand?post=2222"},{"taxonomy":"product_cat","embeddable":true,"href":"https:\/\/ludoblocks.eu\/et\/wp-json\/wp\/v2\/product_cat?post=2222"},{"taxonomy":"product_tag","embeddable":true,"href":"https:\/\/ludoblocks.eu\/et\/wp-json\/wp\/v2\/product_tag?post=2222"}],"curies":[{"name":"wp","href":"https:\/\/api.w.org\/{rel}","templated":true}]}}