{"id":2674,"date":"2026-03-26T11:06:58","date_gmt":"2026-03-26T09:06:58","guid":{"rendered":"https:\/\/ludoblocks.eu\/shop\/motorised-l4-gasoline-engine-2\/"},"modified":"2026-03-26T16:49:13","modified_gmt":"2026-03-26T14:49:13","slug":"motorised-l4-gasoline-engine-2","status":"publish","type":"product","link":"https:\/\/ludoblocks.eu\/et\/shop\/motorised-l4-gasoline-engine-2\/","title":{"rendered":"Motorised L4 Gasoline Engine"},"content":{"rendered":"<h3>Mould King 10087 Motorised L4 Gasoline Engine. Elektrilise mootori ehituskomplekt.<\/h3>\n<p>See t\u00e4ielikult funktsionaalne 4-silindriline mootor demonstreerib mootori t\u00f6\u00f6 d\u00fcnaamikat liikuvate kolvide, hoolikalt kujundatud silindrikaanega, klappide ja t\u00f6\u00f6tava s\u00fc\u00fcte s\u00fcsteemiga.<\/p>\n<p>Mudel s\u00fcveneb mootori mehhanismi p\u00f5hiosadesse, sisaldades olulisi komponente nagu sisselaske- ja v\u00e4ljalaskekollektorid, v\u00e4ntv\u00f5ll ja selle rihmaratas, ajakett ning juhikud.<\/p>\n<p>T\u00e4iuslik mehhaanika huvilistele, see komplekt pakub p\u00f5hjalikku \u00fclevaadet bensiinimootori sisemisest t\u00f6\u00f6mehhanismist.<\/p>\n<p>Mudel t\u00f6\u00f6tab laetava aku ja elektrimootori abil, demonstreerides oma osade liikumist reaalajas, muutes selle palju rohkemaks kui lihtsalt eksponaadiks.<\/p>\n<h4>Peamised omadused ja funktsionaalsused<\/h4>\n<ul>\n<li>\u00dcle 1700 technik ehitusklotsi<\/li>\n<li>Liikuvad kolvid<\/li>\n<li>4 silindrit<\/li>\n<li>Silindrikaas<\/li>\n<li>Klappide s\u00fcsteem<\/li>\n<li>S\u00fc\u00fctes\u00fcsteem<\/li>\n<li>Sisselaske kollektor<\/li>\n<li>Heitgaasi voolik<\/li>\n<li>V\u00e4ntv\u00f5ll<\/li>\n<li>V\u00e4ntv\u00f5lli rihmaratas<\/li>\n<li>Nukkv\u00f5ll<\/li>\n<li>Nukkv\u00f5lli rihmaratas<\/li>\n<li>Ajarihm<\/li>\n<li>Ajarihma juhik<\/li>\n<li>Radiaatori ventilaator<\/li>\n<li>\u00d5lifilter<\/li>\n<li>1x patareikast<\/li>\n<li>1x elektrimootor<\/li>\n<li>Ehitusjuhend pakendis kaasas<\/li>\n<\/ul>","protected":false},"excerpt":{"rendered":"[video width=\"1080\" height=\"1080\" mp4=\"http:\/\/ludoblocks.eu\/wp-content\/uploads\/2026\/03\/10087-l4-gasoline-engine.mp4\"][\/video]\n<p>Mould King 10087 L4 Gasoline Engine Electrical Model Technic Toy Building Set. Construct and assemble over 1700 bricks.<br \/>\nBuild it. Play it. Love it.<\/p>\n","protected":false},"featured_media":2761,"template":"","meta":{"_uag_custom_page_level_css":"","site-sidebar-layout":"default","site-content-layout":"","ast-site-content-layout":"default","site-content-style":"default","site-sidebar-style":"default","ast-global-header-display":"","ast-banner-title-visibility":"","ast-main-header-display":"","ast-hfb-above-header-display":"","ast-hfb-below-header-display":"","ast-hfb-mobile-header-display":"","site-post-title":"","ast-breadcrumbs-content":"","ast-featured-img":"","footer-sml-layout":"","ast-disable-related-posts":"","theme-transparent-header-meta":"default","adv-header-id-meta":"","stick-header-meta":"","header-above-stick-meta":"","header-main-stick-meta":"","header-below-stick-meta":"","astra-migrate-meta-layouts":"set","ast-page-background-enabled":"default","ast-page-background-meta":{"desktop":{"background-color":"var(--ast-global-color-4)","background-image":"","background-repeat":"repeat","background-position":"center center","background-size":"auto","background-attachment":"scroll","background-type":"","background-media":"","overlay-type":"","overlay-color":"","overlay-opacity":"","overlay-gradient":""},"tablet":{"background-color":"","background-image":"","background-repeat":"repeat","background-position":"center center","background-size":"auto","background-attachment":"scroll","background-type":"","background-media":"","overlay-type":"","overlay-color":"","overlay-opacity":"","overlay-gradient":""},"mobile":{"background-color":"","background-image":"","background-repeat":"repeat","background-position":"center center","background-size":"auto","background-attachment":"scroll","background-type":"","background-media":"","overlay-type":"","overlay-color":"","overlay-opacity":"","overlay-gradient":""}},"ast-content-background-meta":{"desktop":{"background-color":"var(--ast-global-color-5)","background-image":"","background-repeat":"repeat","background-position":"center center","background-size":"auto","background-attachment":"scroll","background-type":"","background-media":"","overlay-type":"","overlay-color":"","overlay-opacity":"","overlay-gradient":""},"tablet":{"background-color":"var(--ast-global-color-5)","background-image":"","background-repeat":"repeat","background-position":"center center","background-size":"auto","background-attachment":"scroll","background-type":"","background-media":"","overlay-type":"","overlay-color":"","overlay-opacity":"","overlay-gradient":""},"mobile":{"background-color":"var(--ast-global-color-5)","background-image":"","background-repeat":"repeat","background-position":"center center","background-size":"auto","background-attachment":"scroll","background-type":"","background-media":"","overlay-type":"","overlay-color":"","overlay-opacity":"","overlay-gradient":""}}},"product_brand":[],"product_cat":[25],"product_tag":[],"class_list":{"0":"post-2674","1":"product","2":"type-product","3":"status-publish","4":"has-post-thumbnail","6":"product_cat-engines","7":"desktop-align-center","8":"tablet-align-center","9":"mobile-align-center","11":"first","12":"instock","13":"shipping-taxable","14":"purchasable","15":"product-type-simple"},"aioseo_notices":[],"uagb_featured_image_src":{"full":["https:\/\/ludoblocks.eu\/wp-content\/uploads\/2026\/03\/10087S-2.png",1300,1000,false],"thumbnail":["https:\/\/ludoblocks.eu\/wp-content\/uploads\/2026\/03\/10087S-2-150x150.png",150,150,true],"medium":["https:\/\/ludoblocks.eu\/wp-content\/uploads\/2026\/03\/10087S-2-300x231.png",300,231,true],"medium_large":["https:\/\/ludoblocks.eu\/wp-content\/uploads\/2026\/03\/10087S-2-768x591.png",768,591,true],"large":["https:\/\/ludoblocks.eu\/wp-content\/uploads\/2026\/03\/10087S-2-1024x788.png",1024,788,true],"1536x1536":["https:\/\/ludoblocks.eu\/wp-content\/uploads\/2026\/03\/10087S-2.png",1300,1000,false],"2048x2048":["https:\/\/ludoblocks.eu\/wp-content\/uploads\/2026\/03\/10087S-2.png",1300,1000,false],"trp-custom-language-flag":["https:\/\/ludoblocks.eu\/wp-content\/uploads\/2026\/03\/10087S-2-16x12.png",16,12,true],"woocommerce_thumbnail":["https:\/\/ludoblocks.eu\/wp-content\/uploads\/2026\/03\/10087S-2-300x231.png",300,231,true],"woocommerce_single":["https:\/\/ludoblocks.eu\/wp-content\/uploads\/2026\/03\/10087S-2-400x308.png",400,308,true],"woocommerce_gallery_thumbnail":["https:\/\/ludoblocks.eu\/wp-content\/uploads\/2026\/03\/10087S-2-100x100.png",100,100,true]},"uagb_author_info":{"display_name":"jstefan","author_link":"https:\/\/ludoblocks.eu\/et\/author\/"},"uagb_comment_info":0,"uagb_excerpt":"[video width=\"1080\" height=\"1080\" mp4=\"http:\/\/ludoblocks.eu\/wp-content\/uploads\/2026\/03\/10087-l4-gasoline-engine.mp4\"][\/video] Mould King 10087 L4 Gasoline Engine Electrical Model Technic Toy Building Set. Construct and assemble over 1700 bricks. Build it. Play it. Love it.","_links":{"self":[{"href":"https:\/\/ludoblocks.eu\/et\/wp-json\/wp\/v2\/product\/2674","targetHints":{"allow":["GET"]}}],"collection":[{"href":"https:\/\/ludoblocks.eu\/et\/wp-json\/wp\/v2\/product"}],"about":[{"href":"https:\/\/ludoblocks.eu\/et\/wp-json\/wp\/v2\/types\/product"}],"wp:featuredmedia":[{"embeddable":true,"href":"https:\/\/ludoblocks.eu\/et\/wp-json\/wp\/v2\/media\/2761"}],"wp:attachment":[{"href":"https:\/\/ludoblocks.eu\/et\/wp-json\/wp\/v2\/media?parent=2674"}],"wp:term":[{"taxonomy":"product_brand","embeddable":true,"href":"https:\/\/ludoblocks.eu\/et\/wp-json\/wp\/v2\/product_brand?post=2674"},{"taxonomy":"product_cat","embeddable":true,"href":"https:\/\/ludoblocks.eu\/et\/wp-json\/wp\/v2\/product_cat?post=2674"},{"taxonomy":"product_tag","embeddable":true,"href":"https:\/\/ludoblocks.eu\/et\/wp-json\/wp\/v2\/product_tag?post=2674"}],"curies":[{"name":"wp","href":"https:\/\/api.w.org\/{rel}","templated":true}]}}