{"id":2675,"date":"2026-03-26T11:06:58","date_gmt":"2026-03-26T09:06:58","guid":{"rendered":"https:\/\/ludoblocks.eu\/shop\/klaire-lexor-harvester\/"},"modified":"2026-03-26T16:49:13","modified_gmt":"2026-03-26T14:49:13","slug":"klaire-lexor-harvester","status":"publish","type":"product","link":"https:\/\/ludoblocks.eu\/et\/shop\/klaire-lexor-harvester\/","title":{"rendered":"Klaire Lexor Harvester"},"content":{"rendered":"<h3>Mould King 17014 Klaire Lexor Harvester. Puldiga kaugjuhitav kombaini ehituskomplekt.<\/h3>\n<p>Tutvustame Claas Lexion 760 kombaini, \u00fchte suurimat viljakombaini, mis on loodud detailse mudelina, peegeldades v\u00f5imalikult t\u00e4pselt p\u00e4ris masinat.<\/p>\n<p>Mudeli esiosa sisaldab tugevat l\u00f5ikemehhanismi, mida saab sujuvalt t\u00f5sta ja langetada vastavalt erinevatele saagik\u00f5rgustele. Samuti on mudelil detailselt kujundatud rihmarattad k\u00fclgkatete all ning peal paiknev tuules\u00fcsteem.<\/p>\n<p>Tagumises osas on kombain varustatud forage-s\u00fcsteemiga, mis v\u00f5imaldab t\u00f5husat materjali kogumist ja t\u00f6\u00f6tlemist. See s\u00fcsteem t\u00f6\u00f6tab optimaalselt oma madalamas asendis. Lisaks on mudelil arenenud t\u00f5stes\u00fcsteem, mis v\u00f5imaldab materjali h\u00f5lpsalt \u00fcles t\u00f5sta.<\/p>\n<p>Teo-mehhanism on loodud materjali sujuvaks edasiliigutamiseks, tagades pideva t\u00f6\u00f6voo koristusprotsessis. K\u00f5ik komponendid t\u00f6\u00f6tavad harmooniliselt koos.<\/p>\n<h4>Peamised omadused ja funktsionaalsused<\/h4>\n<ul>\n<li>Detailne Claas Lexion 760 kombaini mudel<\/li>\n<li>Funktsionaalne l\u00f5ikepea t\u00f5stmise ja langetamisega<\/li>\n<li>Funktsionaalne l\u00f5ikepea t\u00f5stmise ja langetamisega<\/li>\n<li>Pealne tuules\u00fcsteem<\/li>\n<li>Tagumine forage-kogumiss\u00fcsteem<\/li>\n<li>T\u00f6\u00f6tav t\u00f5stes\u00fcsteem<\/li>\n<li>T\u00f5hus teo-mehhanism materjali liigutamiseks<\/li>\n<li>Realistlik mehaaniline disain<\/li>\n<li>Sobib nii eksponeerimiseks kui \u00f5ppimiseks<\/li>\n<\/ul>","protected":false},"excerpt":{"rendered":"[video width=\"1080\" height=\"1080\" mp4=\"http:\/\/ludoblocks.eu\/wp-content\/uploads\/2026\/03\/17014-harvester.mp4\"][\/video]\n<p>Mould King 17014 remote controlled heavy duty green electrical harvester model Technic toy building set. Construct and assemble over 1300 bricks.<br \/>\nBuild it. Play it. Love it.<\/p>\n","protected":false},"featured_media":2755,"template":"","meta":{"_uag_custom_page_level_css":"","site-sidebar-layout":"default","site-content-layout":"","ast-site-content-layout":"default","site-content-style":"default","site-sidebar-style":"default","ast-global-header-display":"","ast-banner-title-visibility":"","ast-main-header-display":"","ast-hfb-above-header-display":"","ast-hfb-below-header-display":"","ast-hfb-mobile-header-display":"","site-post-title":"","ast-breadcrumbs-content":"","ast-featured-img":"","footer-sml-layout":"","ast-disable-related-posts":"","theme-transparent-header-meta":"default","adv-header-id-meta":"","stick-header-meta":"","header-above-stick-meta":"","header-main-stick-meta":"","header-below-stick-meta":"","astra-migrate-meta-layouts":"set","ast-page-background-enabled":"default","ast-page-background-meta":{"desktop":{"background-color":"var(--ast-global-color-4)","background-image":"","background-repeat":"repeat","background-position":"center center","background-size":"auto","background-attachment":"scroll","background-type":"","background-media":"","overlay-type":"","overlay-color":"","overlay-opacity":"","overlay-gradient":""},"tablet":{"background-color":"","background-image":"","background-repeat":"repeat","background-position":"center center","background-size":"auto","background-attachment":"scroll","background-type":"","background-media":"","overlay-type":"","overlay-color":"","overlay-opacity":"","overlay-gradient":""},"mobile":{"background-color":"","background-image":"","background-repeat":"repeat","background-position":"center center","background-size":"auto","background-attachment":"scroll","background-type":"","background-media":"","overlay-type":"","overlay-color":"","overlay-opacity":"","overlay-gradient":""}},"ast-content-background-meta":{"desktop":{"background-color":"var(--ast-global-color-5)","background-image":"","background-repeat":"repeat","background-position":"center center","background-size":"auto","background-attachment":"scroll","background-type":"","background-media":"","overlay-type":"","overlay-color":"","overlay-opacity":"","overlay-gradient":""},"tablet":{"background-color":"var(--ast-global-color-5)","background-image":"","background-repeat":"repeat","background-position":"center center","background-size":"auto","background-attachment":"scroll","background-type":"","background-media":"","overlay-type":"","overlay-color":"","overlay-opacity":"","overlay-gradient":""},"mobile":{"background-color":"var(--ast-global-color-5)","background-image":"","background-repeat":"repeat","background-position":"center center","background-size":"auto","background-attachment":"scroll","background-type":"","background-media":"","overlay-type":"","overlay-color":"","overlay-opacity":"","overlay-gradient":""}}},"product_brand":[],"product_cat":[27],"product_tag":[],"class_list":{"0":"post-2675","1":"product","2":"type-product","3":"status-publish","4":"has-post-thumbnail","6":"product_cat-heavymachinery","7":"desktop-align-center","8":"tablet-align-center","9":"mobile-align-center","11":"first","12":"instock","13":"shipping-taxable","14":"purchasable","15":"product-type-simple"},"aioseo_notices":[],"uagb_featured_image_src":{"full":["https:\/\/ludoblocks.eu\/wp-content\/uploads\/2026\/03\/17014S-1.png",1776,1000,false],"thumbnail":["https:\/\/ludoblocks.eu\/wp-content\/uploads\/2026\/03\/17014S-1-150x150.png",150,150,true],"medium":["https:\/\/ludoblocks.eu\/wp-content\/uploads\/2026\/03\/17014S-1-300x169.png",300,169,true],"medium_large":["https:\/\/ludoblocks.eu\/wp-content\/uploads\/2026\/03\/17014S-1-768x432.png",768,432,true],"large":["https:\/\/ludoblocks.eu\/wp-content\/uploads\/2026\/03\/17014S-1-1024x577.png",1024,577,true],"1536x1536":["https:\/\/ludoblocks.eu\/wp-content\/uploads\/2026\/03\/17014S-1-1536x865.png",1536,865,true],"2048x2048":["https:\/\/ludoblocks.eu\/wp-content\/uploads\/2026\/03\/17014S-1.png",1776,1000,false],"trp-custom-language-flag":["https:\/\/ludoblocks.eu\/wp-content\/uploads\/2026\/03\/17014S-1-18x10.png",18,10,true],"woocommerce_thumbnail":["https:\/\/ludoblocks.eu\/wp-content\/uploads\/2026\/03\/17014S-1-300x169.png",300,169,true],"woocommerce_single":["https:\/\/ludoblocks.eu\/wp-content\/uploads\/2026\/03\/17014S-1-400x225.png",400,225,true],"woocommerce_gallery_thumbnail":["https:\/\/ludoblocks.eu\/wp-content\/uploads\/2026\/03\/17014S-1-100x100.png",100,100,true]},"uagb_author_info":{"display_name":"jstefan","author_link":"https:\/\/ludoblocks.eu\/et\/author\/"},"uagb_comment_info":0,"uagb_excerpt":"[video width=\"1080\" height=\"1080\" mp4=\"http:\/\/ludoblocks.eu\/wp-content\/uploads\/2026\/03\/17014-harvester.mp4\"][\/video] Mould King 17014 remote controlled heavy duty green electrical harvester model Technic toy building set. Construct and assemble over 1300 bricks. Build it. Play it. Love it.","_links":{"self":[{"href":"https:\/\/ludoblocks.eu\/et\/wp-json\/wp\/v2\/product\/2675","targetHints":{"allow":["GET"]}}],"collection":[{"href":"https:\/\/ludoblocks.eu\/et\/wp-json\/wp\/v2\/product"}],"about":[{"href":"https:\/\/ludoblocks.eu\/et\/wp-json\/wp\/v2\/types\/product"}],"wp:featuredmedia":[{"embeddable":true,"href":"https:\/\/ludoblocks.eu\/et\/wp-json\/wp\/v2\/media\/2755"}],"wp:attachment":[{"href":"https:\/\/ludoblocks.eu\/et\/wp-json\/wp\/v2\/media?parent=2675"}],"wp:term":[{"taxonomy":"product_brand","embeddable":true,"href":"https:\/\/ludoblocks.eu\/et\/wp-json\/wp\/v2\/product_brand?post=2675"},{"taxonomy":"product_cat","embeddable":true,"href":"https:\/\/ludoblocks.eu\/et\/wp-json\/wp\/v2\/product_cat?post=2675"},{"taxonomy":"product_tag","embeddable":true,"href":"https:\/\/ludoblocks.eu\/et\/wp-json\/wp\/v2\/product_tag?post=2675"}],"curies":[{"name":"wp","href":"https:\/\/api.w.org\/{rel}","templated":true}]}}