{"id":2676,"date":"2026-03-26T11:06:58","date_gmt":"2026-03-26T09:06:58","guid":{"rendered":"https:\/\/ludoblocks.eu\/shop\/r3000h-mine-loader\/"},"modified":"2026-03-26T16:49:13","modified_gmt":"2026-03-26T14:49:13","slug":"r3000h-mine-loader","status":"publish","type":"product","link":"https:\/\/ludoblocks.eu\/et\/shop\/r3000h-mine-loader\/","title":{"rendered":"R3000H Mine Loader"},"content":{"rendered":"<h3>Mould King 17056 Puldiga Kaugjuhitav Mine Loader<\/h3>\n<p>Avasta ehitusmaailma Mould King 17056 R3000H kaevanduslaaduriga \u2014 kaugjuhitava ehituskomplektiga, mis on loodud inseneritehnika ja mudeliehituse huvilistele. See kompaktne komplekt sisaldab 1396 technik klotsi, millest saab kokku panna realistliku kaevanduslaaduri pikkusega \u00fcle poole meetri (57,8 cm).<\/p>\n<p>Naudi t\u00e4pset juhtimist kaugjuhitavate funktsioonidega, mis v\u00f5imaldavad juhtida s\u00f5itu, roolimist ja kopa varre liikumist. Mudelil on kallutatav kopp realistlikuks t\u00f6\u00f6ks, detailne kabiin ja vastupidavad kummirehvid. Toiteks on laetav akupakk, mis tagab katkematu m\u00e4nguelamuse.<\/p>\n<p>Build, control, and explore with this engaging mine loader model.<\/p>\n<h4>Peamised omadused ja funktsionaalsused<\/h4>\n<ul>\n<li>57cm pikk<\/li>\n<li>Puldiga juhitav s\u00f5iduk<\/li>\n<li>Puldiga juhitav roolimine<\/li>\n<li>Detailne kabiin<\/li>\n<li>Suur kopp<\/li>\n<li>Kummist rehvid<\/li>\n<li>Kaugjuhitav kopa vars<\/li>\n<li>Puldiga juhitav kopa kallutamine<\/li>\n<li>Laetav aku<\/li>\n<li>Ehitusjuhend pakendis kaasas<\/li>\n<\/ul>","protected":false},"excerpt":{"rendered":"[video width=\"1080\" height=\"1080\" mp4=\"http:\/\/ludoblocks.eu\/wp-content\/uploads\/2026\/03\/17056-Mine-Loader.mp4\"][\/video]\n<p>Mould King 17056 remote controlled heavy duty yellow electrical mine loader model Technic toy building set. Construct and assemble over 1300 bricks.<br \/>\nBuild it. Play it. Love it.<\/p>\n","protected":false},"featured_media":2754,"template":"","meta":{"_uag_custom_page_level_css":"","site-sidebar-layout":"default","site-content-layout":"","ast-site-content-layout":"default","site-content-style":"default","site-sidebar-style":"default","ast-global-header-display":"","ast-banner-title-visibility":"","ast-main-header-display":"","ast-hfb-above-header-display":"","ast-hfb-below-header-display":"","ast-hfb-mobile-header-display":"","site-post-title":"","ast-breadcrumbs-content":"","ast-featured-img":"","footer-sml-layout":"","ast-disable-related-posts":"","theme-transparent-header-meta":"default","adv-header-id-meta":"","stick-header-meta":"","header-above-stick-meta":"","header-main-stick-meta":"","header-below-stick-meta":"","astra-migrate-meta-layouts":"set","ast-page-background-enabled":"default","ast-page-background-meta":{"desktop":{"background-color":"var(--ast-global-color-4)","background-image":"","background-repeat":"repeat","background-position":"center center","background-size":"auto","background-attachment":"scroll","background-type":"","background-media":"","overlay-type":"","overlay-color":"","overlay-opacity":"","overlay-gradient":""},"tablet":{"background-color":"","background-image":"","background-repeat":"repeat","background-position":"center center","background-size":"auto","background-attachment":"scroll","background-type":"","background-media":"","overlay-type":"","overlay-color":"","overlay-opacity":"","overlay-gradient":""},"mobile":{"background-color":"","background-image":"","background-repeat":"repeat","background-position":"center center","background-size":"auto","background-attachment":"scroll","background-type":"","background-media":"","overlay-type":"","overlay-color":"","overlay-opacity":"","overlay-gradient":""}},"ast-content-background-meta":{"desktop":{"background-color":"var(--ast-global-color-5)","background-image":"","background-repeat":"repeat","background-position":"center center","background-size":"auto","background-attachment":"scroll","background-type":"","background-media":"","overlay-type":"","overlay-color":"","overlay-opacity":"","overlay-gradient":""},"tablet":{"background-color":"var(--ast-global-color-5)","background-image":"","background-repeat":"repeat","background-position":"center center","background-size":"auto","background-attachment":"scroll","background-type":"","background-media":"","overlay-type":"","overlay-color":"","overlay-opacity":"","overlay-gradient":""},"mobile":{"background-color":"var(--ast-global-color-5)","background-image":"","background-repeat":"repeat","background-position":"center center","background-size":"auto","background-attachment":"scroll","background-type":"","background-media":"","overlay-type":"","overlay-color":"","overlay-opacity":"","overlay-gradient":""}}},"product_brand":[],"product_cat":[27],"product_tag":[],"class_list":{"0":"post-2676","1":"product","2":"type-product","3":"status-publish","4":"has-post-thumbnail","6":"product_cat-heavymachinery","7":"desktop-align-center","8":"tablet-align-center","9":"mobile-align-center","11":"first","12":"instock","13":"shipping-taxable","14":"purchasable","15":"product-type-simple"},"aioseo_notices":[],"uagb_featured_image_src":{"full":["https:\/\/ludoblocks.eu\/wp-content\/uploads\/2026\/03\/17056-8.png",1333,1000,false],"thumbnail":["https:\/\/ludoblocks.eu\/wp-content\/uploads\/2026\/03\/17056-8-150x150.png",150,150,true],"medium":["https:\/\/ludoblocks.eu\/wp-content\/uploads\/2026\/03\/17056-8-300x225.png",300,225,true],"medium_large":["https:\/\/ludoblocks.eu\/wp-content\/uploads\/2026\/03\/17056-8-768x576.png",768,576,true],"large":["https:\/\/ludoblocks.eu\/wp-content\/uploads\/2026\/03\/17056-8-1024x768.png",1024,768,true],"1536x1536":["https:\/\/ludoblocks.eu\/wp-content\/uploads\/2026\/03\/17056-8.png",1333,1000,false],"2048x2048":["https:\/\/ludoblocks.eu\/wp-content\/uploads\/2026\/03\/17056-8.png",1333,1000,false],"trp-custom-language-flag":["https:\/\/ludoblocks.eu\/wp-content\/uploads\/2026\/03\/17056-8-16x12.png",16,12,true],"woocommerce_thumbnail":["https:\/\/ludoblocks.eu\/wp-content\/uploads\/2026\/03\/17056-8-300x225.png",300,225,true],"woocommerce_single":["https:\/\/ludoblocks.eu\/wp-content\/uploads\/2026\/03\/17056-8-400x300.png",400,300,true],"woocommerce_gallery_thumbnail":["https:\/\/ludoblocks.eu\/wp-content\/uploads\/2026\/03\/17056-8-100x100.png",100,100,true]},"uagb_author_info":{"display_name":"jstefan","author_link":"https:\/\/ludoblocks.eu\/et\/author\/"},"uagb_comment_info":0,"uagb_excerpt":"[video width=\"1080\" height=\"1080\" mp4=\"http:\/\/ludoblocks.eu\/wp-content\/uploads\/2026\/03\/17056-Mine-Loader.mp4\"][\/video] Mould King 17056 remote controlled heavy duty yellow electrical mine loader model Technic toy building set. Construct and assemble over 1300 bricks. Build it. Play it. Love it.","_links":{"self":[{"href":"https:\/\/ludoblocks.eu\/et\/wp-json\/wp\/v2\/product\/2676","targetHints":{"allow":["GET"]}}],"collection":[{"href":"https:\/\/ludoblocks.eu\/et\/wp-json\/wp\/v2\/product"}],"about":[{"href":"https:\/\/ludoblocks.eu\/et\/wp-json\/wp\/v2\/types\/product"}],"wp:featuredmedia":[{"embeddable":true,"href":"https:\/\/ludoblocks.eu\/et\/wp-json\/wp\/v2\/media\/2754"}],"wp:attachment":[{"href":"https:\/\/ludoblocks.eu\/et\/wp-json\/wp\/v2\/media?parent=2676"}],"wp:term":[{"taxonomy":"product_brand","embeddable":true,"href":"https:\/\/ludoblocks.eu\/et\/wp-json\/wp\/v2\/product_brand?post=2676"},{"taxonomy":"product_cat","embeddable":true,"href":"https:\/\/ludoblocks.eu\/et\/wp-json\/wp\/v2\/product_cat?post=2676"},{"taxonomy":"product_tag","embeddable":true,"href":"https:\/\/ludoblocks.eu\/et\/wp-json\/wp\/v2\/product_tag?post=2676"}],"curies":[{"name":"wp","href":"https:\/\/api.w.org\/{rel}","templated":true}]}}