{"id":2677,"date":"2026-03-26T11:06:58","date_gmt":"2026-03-26T09:06:58","guid":{"rendered":"https:\/\/ludoblocks.eu\/shop\/truck-mounted-crane\/"},"modified":"2026-03-26T16:49:13","modified_gmt":"2026-03-26T14:49:13","slug":"truck-mounted-crane","status":"publish","type":"product","link":"https:\/\/ludoblocks.eu\/et\/shop\/truck-mounted-crane\/","title":{"rendered":"Truck-Mounted Crane"},"content":{"rendered":"<h3>Mould King 17063 veoautole paigaldatud kraana ja k\u00fclgkallur<\/h3>\n<p>See mitmefunktsiooniline kaugjuhitav veoautole paigaldatud kraana ja k\u00fclgkallur on ehitatud enam kui 2530 kvaliteetsest technik klotsist, pakkudes kaasahaaravat ehitus- ja kasutuskogemust. \u00dcle 40 cm pikkune mudel on t\u00e4is d\u00fcnaamilisi funktsioone.<\/p>\n<p>Mudel v\u00f5imaldab avastada p\u00e4ris veoauto mehhaanikat t\u00e4nu kaugjuhitavale s\u00f5idule ja roolimisele. K\u00fclgkalluril on pneumaatiline s\u00fcsteem, mis v\u00f5imaldab sujuvat kallutamist ja koorma vabastamist. T\u00f5stet\u00f6\u00f6deks stabiilsuse tagamiseks on veokil kaugjuhitavad tugijalad, mis liiguvad sujuvalt sisse ja v\u00e4lja.<\/p>\n<p>Kraanas\u00fcsteem pakub samuti muljetavaldavaid funktsioone, sealhulgas p\u00f6\u00f6rlevat poomi ning pikenevat ja l\u00fchenevat kaugjuhitavat noolt. MK4 toitemooduli, mitmete mootorite ja pneumaatiliste komponentide abil tagab see mudel realistliku ja kaasahaarava kasutuskogemuse.<\/p>\n<h4>Peamised omadused ja funktsionaalsused<\/h4>\n<ul>\n<li>\u00dcle 2500 technik klotsi<\/li>\n<li>44 cm pikk<\/li>\n<li>Puldiga juhitav s\u00f5iduk<\/li>\n<li>Puldiga juhitav roolimine<\/li>\n<li>Pneumaatiline kalluri kallutamine ja koorma vabastamine<\/li>\n<li>Kaugjuhitavad tugijalad (v\u00e4lja- ja sisset\u00f5mbamine)<\/li>\n<li>Kaugjuhitav p\u00f6\u00f6rlev kraana poom<\/li>\n<li>Kaugjuhitav pikenev ja l\u00fchenev kraana vars<\/li>\n<li>1x MK4 toitemoodul<\/li>\n<li>3x L-suuruses mootorit<\/li>\n<li>1x M-suuruses mootor<\/li>\n<li>4x pneumaatilist elementi<\/li>\n<li>Ehitusjuhend pakendis kaasas<\/li>\n<\/ul>","protected":false},"excerpt":{"rendered":"[video width=\"720\" height=\"720\" mp4=\"http:\/\/ludoblocks.eu\/wp-content\/uploads\/2026\/03\/17063-truck-mounted-crane.mp4\"][\/video]\n<p>Mould King 17063 remote-controlled electrical heavy duty truck-mounted crane and side-dump truck Technic toy block building set. Construct and assemble over 2500 bricks.<br \/>\nBuild it. Play it. Love it.<\/p>\n","protected":false},"featured_media":2742,"template":"","meta":{"_uag_custom_page_level_css":"","site-sidebar-layout":"default","site-content-layout":"","ast-site-content-layout":"default","site-content-style":"default","site-sidebar-style":"default","ast-global-header-display":"","ast-banner-title-visibility":"","ast-main-header-display":"","ast-hfb-above-header-display":"","ast-hfb-below-header-display":"","ast-hfb-mobile-header-display":"","site-post-title":"","ast-breadcrumbs-content":"","ast-featured-img":"","footer-sml-layout":"","ast-disable-related-posts":"","theme-transparent-header-meta":"default","adv-header-id-meta":"","stick-header-meta":"","header-above-stick-meta":"","header-main-stick-meta":"","header-below-stick-meta":"","astra-migrate-meta-layouts":"set","ast-page-background-enabled":"default","ast-page-background-meta":{"desktop":{"background-color":"var(--ast-global-color-4)","background-image":"","background-repeat":"repeat","background-position":"center center","background-size":"auto","background-attachment":"scroll","background-type":"","background-media":"","overlay-type":"","overlay-color":"","overlay-opacity":"","overlay-gradient":""},"tablet":{"background-color":"","background-image":"","background-repeat":"repeat","background-position":"center center","background-size":"auto","background-attachment":"scroll","background-type":"","background-media":"","overlay-type":"","overlay-color":"","overlay-opacity":"","overlay-gradient":""},"mobile":{"background-color":"","background-image":"","background-repeat":"repeat","background-position":"center center","background-size":"auto","background-attachment":"scroll","background-type":"","background-media":"","overlay-type":"","overlay-color":"","overlay-opacity":"","overlay-gradient":""}},"ast-content-background-meta":{"desktop":{"background-color":"var(--ast-global-color-5)","background-image":"","background-repeat":"repeat","background-position":"center center","background-size":"auto","background-attachment":"scroll","background-type":"","background-media":"","overlay-type":"","overlay-color":"","overlay-opacity":"","overlay-gradient":""},"tablet":{"background-color":"var(--ast-global-color-5)","background-image":"","background-repeat":"repeat","background-position":"center center","background-size":"auto","background-attachment":"scroll","background-type":"","background-media":"","overlay-type":"","overlay-color":"","overlay-opacity":"","overlay-gradient":""},"mobile":{"background-color":"var(--ast-global-color-5)","background-image":"","background-repeat":"repeat","background-position":"center center","background-size":"auto","background-attachment":"scroll","background-type":"","background-media":"","overlay-type":"","overlay-color":"","overlay-opacity":"","overlay-gradient":""}}},"product_brand":[],"product_cat":[27],"product_tag":[],"class_list":{"0":"post-2677","1":"product","2":"type-product","3":"status-publish","4":"has-post-thumbnail","6":"product_cat-heavymachinery","7":"desktop-align-center","8":"tablet-align-center","9":"mobile-align-center","11":"first","12":"instock","13":"shipping-taxable","14":"purchasable","15":"product-type-simple"},"aioseo_notices":[],"uagb_featured_image_src":{"full":["https:\/\/ludoblocks.eu\/wp-content\/uploads\/2026\/03\/17063-7.png",1338,1000,false],"thumbnail":["https:\/\/ludoblocks.eu\/wp-content\/uploads\/2026\/03\/17063-7-150x150.png",150,150,true],"medium":["https:\/\/ludoblocks.eu\/wp-content\/uploads\/2026\/03\/17063-7-300x224.png",300,224,true],"medium_large":["https:\/\/ludoblocks.eu\/wp-content\/uploads\/2026\/03\/17063-7-768x574.png",768,574,true],"large":["https:\/\/ludoblocks.eu\/wp-content\/uploads\/2026\/03\/17063-7-1024x765.png",1024,765,true],"1536x1536":["https:\/\/ludoblocks.eu\/wp-content\/uploads\/2026\/03\/17063-7.png",1338,1000,false],"2048x2048":["https:\/\/ludoblocks.eu\/wp-content\/uploads\/2026\/03\/17063-7.png",1338,1000,false],"trp-custom-language-flag":["https:\/\/ludoblocks.eu\/wp-content\/uploads\/2026\/03\/17063-7-16x12.png",16,12,true],"woocommerce_thumbnail":["https:\/\/ludoblocks.eu\/wp-content\/uploads\/2026\/03\/17063-7-300x224.png",300,224,true],"woocommerce_single":["https:\/\/ludoblocks.eu\/wp-content\/uploads\/2026\/03\/17063-7-400x299.png",400,299,true],"woocommerce_gallery_thumbnail":["https:\/\/ludoblocks.eu\/wp-content\/uploads\/2026\/03\/17063-7-100x100.png",100,100,true]},"uagb_author_info":{"display_name":"jstefan","author_link":"https:\/\/ludoblocks.eu\/et\/author\/"},"uagb_comment_info":0,"uagb_excerpt":"[video width=\"720\" height=\"720\" mp4=\"http:\/\/ludoblocks.eu\/wp-content\/uploads\/2026\/03\/17063-truck-mounted-crane.mp4\"][\/video] Mould King 17063 remote-controlled electrical heavy duty truck-mounted crane and side-dump truck Technic toy block building set. Construct and assemble over 2500 bricks. Build it. Play it. Love it.","_links":{"self":[{"href":"https:\/\/ludoblocks.eu\/et\/wp-json\/wp\/v2\/product\/2677","targetHints":{"allow":["GET"]}}],"collection":[{"href":"https:\/\/ludoblocks.eu\/et\/wp-json\/wp\/v2\/product"}],"about":[{"href":"https:\/\/ludoblocks.eu\/et\/wp-json\/wp\/v2\/types\/product"}],"wp:featuredmedia":[{"embeddable":true,"href":"https:\/\/ludoblocks.eu\/et\/wp-json\/wp\/v2\/media\/2742"}],"wp:attachment":[{"href":"https:\/\/ludoblocks.eu\/et\/wp-json\/wp\/v2\/media?parent=2677"}],"wp:term":[{"taxonomy":"product_brand","embeddable":true,"href":"https:\/\/ludoblocks.eu\/et\/wp-json\/wp\/v2\/product_brand?post=2677"},{"taxonomy":"product_cat","embeddable":true,"href":"https:\/\/ludoblocks.eu\/et\/wp-json\/wp\/v2\/product_cat?post=2677"},{"taxonomy":"product_tag","embeddable":true,"href":"https:\/\/ludoblocks.eu\/et\/wp-json\/wp\/v2\/product_tag?post=2677"}],"curies":[{"name":"wp","href":"https:\/\/api.w.org\/{rel}","templated":true}]}}