{"id":2678,"date":"2026-03-26T11:06:58","date_gmt":"2026-03-26T09:06:58","guid":{"rendered":"https:\/\/ludoblocks.eu\/shop\/pneumatic-excavator-dump-truck\/"},"modified":"2026-03-26T16:49:13","modified_gmt":"2026-03-26T14:49:13","slug":"pneumatic-excavator-dump-truck","status":"publish","type":"product","link":"https:\/\/ludoblocks.eu\/et\/shop\/pneumatic-excavator-dump-truck\/","title":{"rendered":"Pneumatic Excavator &#038; Dump Truck"},"content":{"rendered":"<h3>Mould King 19007 pneumaatiline puldiga juhitav veoauto<\/h3>\n<p>See kaugjuhitav veok loob realistliku kaevandusplatsi kogemuse, pakkudes l\u00f5bu ja p\u00f5nevust.<\/p>\n<p>Varustatud 4 v\u00f5imsa mootori ja mehaanilise disainiga, saavad RC ekskavaator ja kallur t\u00f6\u00f6tada iseseisvalt, pakkudes mitmekesist m\u00e4ngukogemust.<\/p>\n<p>Teleskoopk\u00e4si p\u00f6\u00f6rleb kuni 180 kraadi, v\u00f5imaldades haarata objekte nii madalalt kui k\u00f5rgelt. Kalluri kast t\u00f5useb ja langeb sujuvalt, et lihtsustada laadimist ja mahalaadimist.<\/p>\n<p>2.4GHz tehnoloogia v\u00e4hendab h\u00e4ireid ja viivitusi, v\u00f5imaldades sujuvat juhtimist kuni 20 meetri ulatuses. Lisaks toetab see Bluetoothi kaudu rakenduse juhtimist.<\/p>\n<p>K\u00f5ik klotsid on valmistatud kvaliteetsest ABS-ist ja s\u00fcsinikkiust, tagades vastupidavuse ja kindla \u00fchenduse. Komplekt sisaldab detailset juhendit ning osad on sorteeritud kottidesse lihtsaks kokkupanekuks. Seda saab kombineerida ka teiste komplektidega loovuse laiendamiseks.<\/p>\n<h4>Peamised omadused ja funktsionaalsused<\/h4>\n<ul>\n<li>\u00dcle 54 cm pikk<\/li>\n<li>\u00dcle 2900 technik ehitusklotsi<\/li>\n<li>Puldiga juhitav<\/li>\n<li>2 \u00d7 L k\u00f5rge p\u00f6\u00f6rdemomendiga mootorit<\/li>\n<li>1x S mootor<\/li>\n<li>1 \u00d7 suure mahutavusega akupakk<\/li>\n<li>1 \u00d7 servo\u00admootor<\/li>\n<li>Puldiga kaugjuhitav liikumine (edasi\/tagasi, vasakule\/paremale)<\/li>\n<li>4-rattane juhitavus<\/li>\n<li>Elektriline tagumise kalluri t\u00f5stmine<\/li>\n<li>Pneumaatiline kraana p\u00f6\u00f6ramise, pikendamise, haaramise ja vabastamise funktsioonidega<\/li>\n<li>Elektrilised stabilisaatorjalad<\/li>\n<li>Ehitusjuhend pakendis kaasas<\/li>\n<\/ul>","protected":false},"excerpt":{"rendered":"[video width=\"1080\" height=\"1080\" mp4=\"http:\/\/ludoblocks.eu\/wp-content\/uploads\/2026\/03\/19007-excavator-and-dump-truck.mp4\"][\/video]\n<p>Mould King 19007 remote-controlled electrical heavy duty Excavator &#038; Dump Truck Technic toy block building set. Construct and assemble over 2900 bricks.<br \/>\nBuild it. Play it. Love it.<\/p>\n","protected":false},"featured_media":2726,"template":"","meta":{"_uag_custom_page_level_css":"","site-sidebar-layout":"default","site-content-layout":"","ast-site-content-layout":"default","site-content-style":"default","site-sidebar-style":"default","ast-global-header-display":"","ast-banner-title-visibility":"","ast-main-header-display":"","ast-hfb-above-header-display":"","ast-hfb-below-header-display":"","ast-hfb-mobile-header-display":"","site-post-title":"","ast-breadcrumbs-content":"","ast-featured-img":"","footer-sml-layout":"","ast-disable-related-posts":"","theme-transparent-header-meta":"default","adv-header-id-meta":"","stick-header-meta":"","header-above-stick-meta":"","header-main-stick-meta":"","header-below-stick-meta":"","astra-migrate-meta-layouts":"set","ast-page-background-enabled":"default","ast-page-background-meta":{"desktop":{"background-color":"var(--ast-global-color-4)","background-image":"","background-repeat":"repeat","background-position":"center center","background-size":"auto","background-attachment":"scroll","background-type":"","background-media":"","overlay-type":"","overlay-color":"","overlay-opacity":"","overlay-gradient":""},"tablet":{"background-color":"","background-image":"","background-repeat":"repeat","background-position":"center center","background-size":"auto","background-attachment":"scroll","background-type":"","background-media":"","overlay-type":"","overlay-color":"","overlay-opacity":"","overlay-gradient":""},"mobile":{"background-color":"","background-image":"","background-repeat":"repeat","background-position":"center center","background-size":"auto","background-attachment":"scroll","background-type":"","background-media":"","overlay-type":"","overlay-color":"","overlay-opacity":"","overlay-gradient":""}},"ast-content-background-meta":{"desktop":{"background-color":"var(--ast-global-color-5)","background-image":"","background-repeat":"repeat","background-position":"center center","background-size":"auto","background-attachment":"scroll","background-type":"","background-media":"","overlay-type":"","overlay-color":"","overlay-opacity":"","overlay-gradient":""},"tablet":{"background-color":"var(--ast-global-color-5)","background-image":"","background-repeat":"repeat","background-position":"center center","background-size":"auto","background-attachment":"scroll","background-type":"","background-media":"","overlay-type":"","overlay-color":"","overlay-opacity":"","overlay-gradient":""},"mobile":{"background-color":"var(--ast-global-color-5)","background-image":"","background-repeat":"repeat","background-position":"center center","background-size":"auto","background-attachment":"scroll","background-type":"","background-media":"","overlay-type":"","overlay-color":"","overlay-opacity":"","overlay-gradient":""}}},"product_brand":[],"product_cat":[27],"product_tag":[],"class_list":{"0":"post-2678","1":"product","2":"type-product","3":"status-publish","4":"has-post-thumbnail","6":"product_cat-heavymachinery","7":"desktop-align-center","8":"tablet-align-center","9":"mobile-align-center","11":"first","12":"instock","13":"shipping-taxable","14":"purchasable","15":"product-type-simple"},"aioseo_notices":[],"uagb_featured_image_src":{"full":["https:\/\/ludoblocks.eu\/wp-content\/uploads\/2026\/03\/19007-2.png",1365,1000,false],"thumbnail":["https:\/\/ludoblocks.eu\/wp-content\/uploads\/2026\/03\/19007-2-150x150.png",150,150,true],"medium":["https:\/\/ludoblocks.eu\/wp-content\/uploads\/2026\/03\/19007-2-300x220.png",300,220,true],"medium_large":["https:\/\/ludoblocks.eu\/wp-content\/uploads\/2026\/03\/19007-2-768x563.png",768,563,true],"large":["https:\/\/ludoblocks.eu\/wp-content\/uploads\/2026\/03\/19007-2-1024x750.png",1024,750,true],"1536x1536":["https:\/\/ludoblocks.eu\/wp-content\/uploads\/2026\/03\/19007-2.png",1365,1000,false],"2048x2048":["https:\/\/ludoblocks.eu\/wp-content\/uploads\/2026\/03\/19007-2.png",1365,1000,false],"trp-custom-language-flag":["https:\/\/ludoblocks.eu\/wp-content\/uploads\/2026\/03\/19007-2-16x12.png",16,12,true],"woocommerce_thumbnail":["https:\/\/ludoblocks.eu\/wp-content\/uploads\/2026\/03\/19007-2-300x220.png",300,220,true],"woocommerce_single":["https:\/\/ludoblocks.eu\/wp-content\/uploads\/2026\/03\/19007-2-400x293.png",400,293,true],"woocommerce_gallery_thumbnail":["https:\/\/ludoblocks.eu\/wp-content\/uploads\/2026\/03\/19007-2-100x100.png",100,100,true]},"uagb_author_info":{"display_name":"jstefan","author_link":"https:\/\/ludoblocks.eu\/et\/author\/"},"uagb_comment_info":0,"uagb_excerpt":"[video width=\"1080\" height=\"1080\" mp4=\"http:\/\/ludoblocks.eu\/wp-content\/uploads\/2026\/03\/19007-excavator-and-dump-truck.mp4\"][\/video] Mould King 19007 remote-controlled electrical heavy duty Excavator & Dump Truck Technic toy block building set. Construct and assemble over 2900 bricks. Build it. Play it. Love it.","_links":{"self":[{"href":"https:\/\/ludoblocks.eu\/et\/wp-json\/wp\/v2\/product\/2678","targetHints":{"allow":["GET"]}}],"collection":[{"href":"https:\/\/ludoblocks.eu\/et\/wp-json\/wp\/v2\/product"}],"about":[{"href":"https:\/\/ludoblocks.eu\/et\/wp-json\/wp\/v2\/types\/product"}],"wp:featuredmedia":[{"embeddable":true,"href":"https:\/\/ludoblocks.eu\/et\/wp-json\/wp\/v2\/media\/2726"}],"wp:attachment":[{"href":"https:\/\/ludoblocks.eu\/et\/wp-json\/wp\/v2\/media?parent=2678"}],"wp:term":[{"taxonomy":"product_brand","embeddable":true,"href":"https:\/\/ludoblocks.eu\/et\/wp-json\/wp\/v2\/product_brand?post=2678"},{"taxonomy":"product_cat","embeddable":true,"href":"https:\/\/ludoblocks.eu\/et\/wp-json\/wp\/v2\/product_cat?post=2678"},{"taxonomy":"product_tag","embeddable":true,"href":"https:\/\/ludoblocks.eu\/et\/wp-json\/wp\/v2\/product_tag?post=2678"}],"curies":[{"name":"wp","href":"https:\/\/api.w.org\/{rel}","templated":true}]}}