{"id":2679,"date":"2026-03-26T11:06:58","date_gmt":"2026-03-26T09:06:58","guid":{"rendered":"https:\/\/ludoblocks.eu\/shop\/tracked-racer\/"},"modified":"2026-03-26T18:09:43","modified_gmt":"2026-03-26T16:09:43","slug":"tracked-racer","status":"publish","type":"product","link":"https:\/\/ludoblocks.eu\/et\/shop\/tracked-racer\/","title":{"rendered":"Tracked Racer"},"content":{"rendered":"<h3>Mould King 13153 Tracked Racer. Puldiga juhitava auto ehituskomplekt.<\/h3>\n<p>Kiire ja v\u00f5imekas kaugjuhitav roomikauto.<\/p>\n<p>\u00dcle 800 technik m\u00e4nguklotsist kokku pandud s\u00f5iduk on varustatud vedrustuse ja roomikutega, mis v\u00f5imaldavad neil kohanduda ebatasaste pindadega.<\/p>\n<p>S\u00f5iduki juhtimiseks ja l\u00f5busate v\u00e4ljakutsete l\u00e4bimiseks saab kasutada nii telefoni rakendust kui ka pakendis kaasas olevat pulti.<\/p>\n<h4>Peamised omadused ja funktsionaalsused<\/h4>\n<ul>\n<li>\u00dcle 800 technik m\u00e4nguklotsi<\/li>\n<li>Puldiga juhitav<\/li>\n<li>Laetav aku<\/li>\n<li>Maastikus\u00f5iduk<\/li>\n<li>Vastupidav disain<\/li>\n<li>S\u00f5idab ka pea alaspidi<\/li>\n<li>Suur s\u00f5idukiirus<\/li>\n<li>Ehitusjuhend pakendis kaasas<\/li>\n<\/ul>","protected":false},"excerpt":{"rendered":"[video width=\"1080\" height=\"1080\" mp4=\"http:\/\/ludoblocks.eu\/wp-content\/uploads\/2026\/03\/13153-tracked-racer.mp4\"][\/video]\n<p>Mould King 13153 Remote-controller Double-sided track car Technic toy building set. Construct and assemble over 800 bricks.<br \/>\nBuild it. Play it. Love it.<\/p>\n","protected":false},"featured_media":2712,"template":"","meta":{"_uag_custom_page_level_css":"","site-sidebar-layout":"default","site-content-layout":"","ast-site-content-layout":"default","site-content-style":"default","site-sidebar-style":"default","ast-global-header-display":"","ast-banner-title-visibility":"","ast-main-header-display":"","ast-hfb-above-header-display":"","ast-hfb-below-header-display":"","ast-hfb-mobile-header-display":"","site-post-title":"","ast-breadcrumbs-content":"","ast-featured-img":"","footer-sml-layout":"","ast-disable-related-posts":"","theme-transparent-header-meta":"default","adv-header-id-meta":"","stick-header-meta":"","header-above-stick-meta":"","header-main-stick-meta":"","header-below-stick-meta":"","astra-migrate-meta-layouts":"set","ast-page-background-enabled":"default","ast-page-background-meta":{"desktop":{"background-color":"var(--ast-global-color-4)","background-image":"","background-repeat":"repeat","background-position":"center center","background-size":"auto","background-attachment":"scroll","background-type":"","background-media":"","overlay-type":"","overlay-color":"","overlay-opacity":"","overlay-gradient":""},"tablet":{"background-color":"","background-image":"","background-repeat":"repeat","background-position":"center center","background-size":"auto","background-attachment":"scroll","background-type":"","background-media":"","overlay-type":"","overlay-color":"","overlay-opacity":"","overlay-gradient":""},"mobile":{"background-color":"","background-image":"","background-repeat":"repeat","background-position":"center center","background-size":"auto","background-attachment":"scroll","background-type":"","background-media":"","overlay-type":"","overlay-color":"","overlay-opacity":"","overlay-gradient":""}},"ast-content-background-meta":{"desktop":{"background-color":"var(--ast-global-color-5)","background-image":"","background-repeat":"repeat","background-position":"center center","background-size":"auto","background-attachment":"scroll","background-type":"","background-media":"","overlay-type":"","overlay-color":"","overlay-opacity":"","overlay-gradient":""},"tablet":{"background-color":"var(--ast-global-color-5)","background-image":"","background-repeat":"repeat","background-position":"center center","background-size":"auto","background-attachment":"scroll","background-type":"","background-media":"","overlay-type":"","overlay-color":"","overlay-opacity":"","overlay-gradient":""},"mobile":{"background-color":"var(--ast-global-color-5)","background-image":"","background-repeat":"repeat","background-position":"center center","background-size":"auto","background-attachment":"scroll","background-type":"","background-media":"","overlay-type":"","overlay-color":"","overlay-opacity":"","overlay-gradient":""}}},"product_brand":[],"product_cat":[21],"product_tag":[],"class_list":{"0":"post-2679","1":"product","2":"type-product","3":"status-publish","4":"has-post-thumbnail","6":"product_cat-cars","7":"desktop-align-center","8":"tablet-align-center","9":"mobile-align-center","11":"first","12":"instock","13":"shipping-taxable","14":"purchasable","15":"product-type-simple"},"aioseo_notices":[],"uagb_featured_image_src":{"full":["https:\/\/ludoblocks.eu\/wp-content\/uploads\/2026\/03\/13153-1.png",1774,1000,false],"thumbnail":["https:\/\/ludoblocks.eu\/wp-content\/uploads\/2026\/03\/13153-1-150x150.png",150,150,true],"medium":["https:\/\/ludoblocks.eu\/wp-content\/uploads\/2026\/03\/13153-1-300x169.png",300,169,true],"medium_large":["https:\/\/ludoblocks.eu\/wp-content\/uploads\/2026\/03\/13153-1-768x433.png",768,433,true],"large":["https:\/\/ludoblocks.eu\/wp-content\/uploads\/2026\/03\/13153-1-1024x577.png",1024,577,true],"1536x1536":["https:\/\/ludoblocks.eu\/wp-content\/uploads\/2026\/03\/13153-1-1536x866.png",1536,866,true],"2048x2048":["https:\/\/ludoblocks.eu\/wp-content\/uploads\/2026\/03\/13153-1.png",1774,1000,false],"trp-custom-language-flag":["https:\/\/ludoblocks.eu\/wp-content\/uploads\/2026\/03\/13153-1-18x10.png",18,10,true],"woocommerce_thumbnail":["https:\/\/ludoblocks.eu\/wp-content\/uploads\/2026\/03\/13153-1-300x169.png",300,169,true],"woocommerce_single":["https:\/\/ludoblocks.eu\/wp-content\/uploads\/2026\/03\/13153-1-400x225.png",400,225,true],"woocommerce_gallery_thumbnail":["https:\/\/ludoblocks.eu\/wp-content\/uploads\/2026\/03\/13153-1-100x100.png",100,100,true]},"uagb_author_info":{"display_name":"jstefan","author_link":"https:\/\/ludoblocks.eu\/et\/author\/"},"uagb_comment_info":0,"uagb_excerpt":"[video width=\"1080\" height=\"1080\" mp4=\"http:\/\/ludoblocks.eu\/wp-content\/uploads\/2026\/03\/13153-tracked-racer.mp4\"][\/video] Mould King 13153 Remote-controller Double-sided track car Technic toy building set. Construct and assemble over 800 bricks. Build it. Play it. Love it.","_links":{"self":[{"href":"https:\/\/ludoblocks.eu\/et\/wp-json\/wp\/v2\/product\/2679","targetHints":{"allow":["GET"]}}],"collection":[{"href":"https:\/\/ludoblocks.eu\/et\/wp-json\/wp\/v2\/product"}],"about":[{"href":"https:\/\/ludoblocks.eu\/et\/wp-json\/wp\/v2\/types\/product"}],"wp:featuredmedia":[{"embeddable":true,"href":"https:\/\/ludoblocks.eu\/et\/wp-json\/wp\/v2\/media\/2712"}],"wp:attachment":[{"href":"https:\/\/ludoblocks.eu\/et\/wp-json\/wp\/v2\/media?parent=2679"}],"wp:term":[{"taxonomy":"product_brand","embeddable":true,"href":"https:\/\/ludoblocks.eu\/et\/wp-json\/wp\/v2\/product_brand?post=2679"},{"taxonomy":"product_cat","embeddable":true,"href":"https:\/\/ludoblocks.eu\/et\/wp-json\/wp\/v2\/product_cat?post=2679"},{"taxonomy":"product_tag","embeddable":true,"href":"https:\/\/ludoblocks.eu\/et\/wp-json\/wp\/v2\/product_tag?post=2679"}],"curies":[{"name":"wp","href":"https:\/\/api.w.org\/{rel}","templated":true}]}}