{"id":2681,"date":"2026-03-26T11:06:58","date_gmt":"2026-03-26T09:06:58","guid":{"rendered":"https:\/\/ludoblocks.eu\/shop\/desert-racing-buggy\/"},"modified":"2026-04-05T10:58:01","modified_gmt":"2026-04-05T08:58:01","slug":"desert-racing-buggy","status":"publish","type":"product","link":"https:\/\/ludoblocks.eu\/et\/shop\/desert-racing-buggy\/","title":{"rendered":"Desert Racing Buggy"},"content":{"rendered":"<h3>Kirjeldus<\/h3>\n<p>Uute Pro-seeria k\u00f5rge p\u00f6\u00f6rdemomendiga buggy-mootorite peal t\u00f6\u00f6tav vastupidav maastikubuggy pakub suurt kiirust ja kuni 30 minutit pidevat s\u00f5iduaega.<\/p>\n<p>Suure p\u00f6\u00f6rdenurgaga kaugjuhitav roolimine v\u00f5imaldab sul avastada ka k\u00f5ige keerulisemaid maastikke. Liiva- ja tolmukindel disain koos suurte amortisaatorite ja vedrustusega tagab vastupidavuse ja suurep\u00e4rase j\u00f5udluse igas olukorras.<\/p>\n<h4>Peamised omadused ja funktsionaalsused<\/h4>\n<ul>\n<li>Puldiga juhitav<\/li>\n<li>30+ minutit m\u00e4nguaega<\/li>\n<li>Suur p\u00f6\u00f6rdenurk kaugjuhitaval roolimisel<\/li>\n<li>Liiva- ja tolmukindel disain<\/li>\n<li>Massiivsed amortisaatorid<\/li>\n<li>Vedrustus<\/li>\n<li>Ehitusjuhend pakendis kaasas<\/li>\n<\/ul>","protected":false},"excerpt":{"rendered":"[video width=\"1080\" height=\"1080\" mp4=\"http:\/\/ludoblocks.eu\/wp-content\/uploads\/2026\/03\/18001-desert-racing-buggy.mp4\"][\/video]\n<p>Mould King 18001 Remote-controller Desert Racing Buggy Technic toy building set. Construct and assemble over 400 bricks.<br \/>\nBuild it. Play it. Love it.<\/p>\n","protected":false},"featured_media":2699,"template":"","meta":{"_uag_custom_page_level_css":"","site-sidebar-layout":"default","site-content-layout":"","ast-site-content-layout":"default","site-content-style":"default","site-sidebar-style":"default","ast-global-header-display":"","ast-banner-title-visibility":"","ast-main-header-display":"","ast-hfb-above-header-display":"","ast-hfb-below-header-display":"","ast-hfb-mobile-header-display":"","site-post-title":"","ast-breadcrumbs-content":"","ast-featured-img":"","footer-sml-layout":"","ast-disable-related-posts":"","theme-transparent-header-meta":"default","adv-header-id-meta":"","stick-header-meta":"","header-above-stick-meta":"","header-main-stick-meta":"","header-below-stick-meta":"","astra-migrate-meta-layouts":"set","ast-page-background-enabled":"default","ast-page-background-meta":{"desktop":{"background-color":"var(--ast-global-color-4)","background-image":"","background-repeat":"repeat","background-position":"center center","background-size":"auto","background-attachment":"scroll","background-type":"","background-media":"","overlay-type":"","overlay-color":"","overlay-opacity":"","overlay-gradient":""},"tablet":{"background-color":"","background-image":"","background-repeat":"repeat","background-position":"center center","background-size":"auto","background-attachment":"scroll","background-type":"","background-media":"","overlay-type":"","overlay-color":"","overlay-opacity":"","overlay-gradient":""},"mobile":{"background-color":"","background-image":"","background-repeat":"repeat","background-position":"center center","background-size":"auto","background-attachment":"scroll","background-type":"","background-media":"","overlay-type":"","overlay-color":"","overlay-opacity":"","overlay-gradient":""}},"ast-content-background-meta":{"desktop":{"background-color":"var(--ast-global-color-5)","background-image":"","background-repeat":"repeat","background-position":"center center","background-size":"auto","background-attachment":"scroll","background-type":"","background-media":"","overlay-type":"","overlay-color":"","overlay-opacity":"","overlay-gradient":""},"tablet":{"background-color":"var(--ast-global-color-5)","background-image":"","background-repeat":"repeat","background-position":"center center","background-size":"auto","background-attachment":"scroll","background-type":"","background-media":"","overlay-type":"","overlay-color":"","overlay-opacity":"","overlay-gradient":""},"mobile":{"background-color":"var(--ast-global-color-5)","background-image":"","background-repeat":"repeat","background-position":"center center","background-size":"auto","background-attachment":"scroll","background-type":"","background-media":"","overlay-type":"","overlay-color":"","overlay-opacity":"","overlay-gradient":""}}},"product_brand":[],"product_cat":[21],"product_tag":[],"class_list":{"0":"post-2681","1":"product","2":"type-product","3":"status-publish","4":"has-post-thumbnail","6":"product_cat-cars","7":"desktop-align-center","8":"tablet-align-center","9":"mobile-align-center","11":"first","12":"instock","13":"shipping-taxable","14":"purchasable","15":"product-type-simple"},"aioseo_notices":[],"uagb_featured_image_src":{"full":["https:\/\/ludoblocks.eu\/wp-content\/uploads\/2026\/03\/18001S-6.png",1514,1000,false],"thumbnail":["https:\/\/ludoblocks.eu\/wp-content\/uploads\/2026\/03\/18001S-6-150x150.png",150,150,true],"medium":["https:\/\/ludoblocks.eu\/wp-content\/uploads\/2026\/03\/18001S-6-300x198.png",300,198,true],"medium_large":["https:\/\/ludoblocks.eu\/wp-content\/uploads\/2026\/03\/18001S-6-768x507.png",768,507,true],"large":["https:\/\/ludoblocks.eu\/wp-content\/uploads\/2026\/03\/18001S-6-1024x676.png",1024,676,true],"1536x1536":["https:\/\/ludoblocks.eu\/wp-content\/uploads\/2026\/03\/18001S-6.png",1514,1000,false],"2048x2048":["https:\/\/ludoblocks.eu\/wp-content\/uploads\/2026\/03\/18001S-6.png",1514,1000,false],"trp-custom-language-flag":["https:\/\/ludoblocks.eu\/wp-content\/uploads\/2026\/03\/18001S-6-18x12.png",18,12,true],"woocommerce_thumbnail":["https:\/\/ludoblocks.eu\/wp-content\/uploads\/2026\/03\/18001S-6-300x198.png",300,198,true],"woocommerce_single":["https:\/\/ludoblocks.eu\/wp-content\/uploads\/2026\/03\/18001S-6-400x264.png",400,264,true],"woocommerce_gallery_thumbnail":["https:\/\/ludoblocks.eu\/wp-content\/uploads\/2026\/03\/18001S-6-100x100.png",100,100,true]},"uagb_author_info":{"display_name":"jstefan","author_link":"https:\/\/ludoblocks.eu\/et\/author\/"},"uagb_comment_info":0,"uagb_excerpt":"[video width=\"1080\" height=\"1080\" mp4=\"http:\/\/ludoblocks.eu\/wp-content\/uploads\/2026\/03\/18001-desert-racing-buggy.mp4\"][\/video] Mould King 18001 Remote-controller Desert Racing Buggy Technic toy building set. Construct and assemble over 400 bricks. Build it. Play it. Love it.","_links":{"self":[{"href":"https:\/\/ludoblocks.eu\/et\/wp-json\/wp\/v2\/product\/2681","targetHints":{"allow":["GET"]}}],"collection":[{"href":"https:\/\/ludoblocks.eu\/et\/wp-json\/wp\/v2\/product"}],"about":[{"href":"https:\/\/ludoblocks.eu\/et\/wp-json\/wp\/v2\/types\/product"}],"wp:featuredmedia":[{"embeddable":true,"href":"https:\/\/ludoblocks.eu\/et\/wp-json\/wp\/v2\/media\/2699"}],"wp:attachment":[{"href":"https:\/\/ludoblocks.eu\/et\/wp-json\/wp\/v2\/media?parent=2681"}],"wp:term":[{"taxonomy":"product_brand","embeddable":true,"href":"https:\/\/ludoblocks.eu\/et\/wp-json\/wp\/v2\/product_brand?post=2681"},{"taxonomy":"product_cat","embeddable":true,"href":"https:\/\/ludoblocks.eu\/et\/wp-json\/wp\/v2\/product_cat?post=2681"},{"taxonomy":"product_tag","embeddable":true,"href":"https:\/\/ludoblocks.eu\/et\/wp-json\/wp\/v2\/product_tag?post=2681"}],"curies":[{"name":"wp","href":"https:\/\/api.w.org\/{rel}","templated":true}]}}